{"id":1908,"date":"2023-04-30T17:01:16","date_gmt":"2023-04-30T15:01:16","guid":{"rendered":"https:\/\/grand-ciel.com\/ressources\/"},"modified":"2026-03-27T17:33:36","modified_gmt":"2026-03-27T16:33:36","slug":"ressources","status":"publish","type":"page","link":"https:\/\/grand-ciel.com\/en\/ressources\/","title":{"rendered":"Ressources"},"content":{"rendered":"\n<div class=\"wp-block-buttons tabulations is-content-justification-left is-layout-flex wp-container-core-buttons-is-layout-fc4fd283 wp-block-buttons-is-layout-flex\">\n<div class=\"wp-block-button tab-title\"><a class=\"wp-block-button__link wp-element-button\">Annuaire \/<br>Documents<br>Administratifs<\/a><\/div>\n\n\n\n<div class=\"wp-block-button tab-title\"><a class=\"wp-block-button__link wp-element-button\">Outils de<br>communication<\/a><\/div>\n\n\n\n<div class=\"wp-block-button tab-title\"><a class=\"wp-block-button__link wp-element-button\">\u00c9tudes,<br>communiqu\u00e9s,<br>publications<\/a><\/div>\n\n\n\n<div class=\"wp-block-button tab-title\"><a class=\"wp-block-button__link wp-element-button\">Transition<br>\u00e9cologique<\/a><\/div>\n\n\n\n<div class=\"wp-block-button tab-title\"><a class=\"wp-block-button__link wp-element-button\">Presse<\/a><\/div>\n<\/div>\n\n\n\n<div class=\"wp-block-group tab-content is-layout-flow wp-block-group-is-layout-flow\">\n<ul class=\"wp-block-list\">\n<li><a href=\"https:\/\/grand-ciel.com\/wp-content\/uploads\/2026\/03\/260327_Annuaire-Membres-Grand-Ciel.pdf\" target=\"_blank\" rel=\"noreferrer noopener\">Annuaire des membres du r\u00e9seau Grand CIEL<\/a><\/li>\n\n\n\n<li><a href=\"https:\/\/grand-ciel.com\/wp-content\/uploads\/2025\/11\/2509_Membres-du-CA.pdf\" target=\"_blank\" rel=\"noreferrer noopener\">Composition du Conseil d&#8217;Administration<\/a><\/li>\n\n\n\n<li><a href=\"https:\/\/grand-ciel.com\/wp-content\/uploads\/2024\/04\/Appel-a-cotisations-2024_diffuse.pdf\">Appel \u00e0 cotisation 2025<\/a><\/li>\n<\/ul>\n<\/div>\n\n\n\n<div class=\"wp-block-group tab-content is-layout-flow wp-block-group-is-layout-flow\">\n<ul class=\"wp-block-list\">\n<li><a href=\"https:\/\/grand-ciel.com\/wp-content\/uploads\/2023\/05\/Logo.zip\" target=\"_blank\" rel=\"noreferrer noopener\">Logo<\/a><\/li>\n\n\n\n<li><a href=\"https:\/\/grand-ciel.com\/wp-content\/uploads\/2025\/04\/Texte-de-presentation-Grand-Ciel-2025.pdf\">Texte de pr\u00e9sentation pour les plaquettes 26-27<\/a><\/li>\n<\/ul>\n<\/div>\n\n\n\n<div class=\"wp-block-group tab-content is-layout-flow wp-block-group-is-layout-flow\">\n<ul class=\"wp-block-list\">\n<li><a href=\"https:\/\/grand-ciel.com\/wp-content\/uploads\/2023\/05\/SCHEMA-DEVELOPPEMENT-DU-CIRQUE-EN-GRAND-EST-au-10-05-2016.pdf\" target=\"_blank\" rel=\"noreferrer noopener\"><\/a><a rel=\"noreferrer noopener\" href=\"https:\/\/www.grand-ciel.com\/doc\/SCHEMA DEVELOPPEMENT DU CIRQUE EN GRAND EST au 10 05 2016.pdf\" target=\"_blank\">Sch\u00e9ma de d\u00e9veloppement du cirque en Grand Est (mai 2016)<\/a><\/li>\n\n\n\n<li><a href=\"https:\/\/grand-ciel.com\/wp-content\/uploads\/2026\/03\/rapport-25CP-2012-Strategie-cirque.pdf\">Rapport Strat\u00e9gie Cirque R\u00e9gion Grand Est (novembre <\/a><a href=\"https:\/\/grand-ciel.com\/wp-content\/uploads\/2026\/03\/rapport-25CP-2012-Strategie-cirque.pdf\" target=\"_blank\" rel=\"noreferrer noopener\">2025<\/a><a href=\"https:\/\/grand-ciel.com\/wp-content\/uploads\/2026\/03\/rapport-25CP-2012-Strategie-cirque.pdf\">)<\/a><\/li>\n<\/ul>\n<\/div>\n\n\n\n<div class=\"wp-block-group tab-content is-layout-flow wp-block-group-is-layout-flow\">\n<ul class=\"wp-block-list\">\n<li><a rel=\"noreferrer noopener\" href=\"https:\/\/grand-ciel.com\/wp-content\/uploads\/2023\/05\/Logo.zip\" target=\"_blank\"><\/a><a rel=\"noreferrer noopener\" href=\"https:\/\/www.grand-ciel.com\/doc\/Rencontre du 11 d\u00e9cembre 2021 - Comment la culture peut-elle \u00eatre un vecteur de transition \u00e9cologique.pdf\" target=\"_blank\">Rencontre du 11 d\u00e9cembre 2021 &#8211; Comment la culture peut-elle \u00eatre un vecteur de transition \u00e9cologique ?<\/a><\/li>\n\n\n\n<li><a href=\"https:\/\/grand-ciel.com\/wp-content\/uploads\/2023\/05\/WHERETOLAND_FR-1.pdf\" target=\"_blank\" rel=\"noreferrer noopener\">Rapport du forum europ\u00e9en Where to Land &#8211; embedding European performing arts in the new Climate Regime (FR)<\/a><\/li>\n\n\n\n<li><a href=\"https:\/\/grand-ciel.com\/wp-content\/uploads\/2023\/05\/211130-Decarbonons-la-culture-The-Shift-Project-Plan-de-transformation-de-lEconomie-francaise.pdf\" target=\"_blank\" rel=\"noreferrer noopener\">Decarbonons la culture &#8211; The Shift Project &#8211; Plan de transformation de l&#8217;Economie fran\u00e7aise<\/a><\/li>\n\n\n\n<li><a href=\"https:\/\/grand-ciel.com\/wp-content\/uploads\/2023\/05\/20211201-Charte-de-developpement-durable-pour-les-festival-Ministere-de-la-culture.pdf\" target=\"_blank\" rel=\"noreferrer noopener\">Charte de d\u00e9veloppement durable pour les festival &#8211; Minist\u00e8re de la culture (2021)<\/a><\/li>\n\n\n\n<li><a href=\"https:\/\/youtu.be\/KdZMmkQYmAA?feature=shared\">Le monde culturel au d\u00e9fi de la transition \u00e9cologique<\/a><\/li>\n\n\n\n<li><a href=\"https:\/\/www.artcena.fr\/fil-vie-pro\/chauffage-des-chapiteaux-une-recherche-initiee-par-le-ciam#\">Vers une solution d\u00e9carbon\u00e9e pour chauffer les chapiteaux<\/a><\/li>\n\n\n\n<li><a href=\"https:\/\/www.artcena.fr\/artcena-replay\/biac-2025-penser-la-diffusion-raisonnee-des-chapiteaux\">BIAC 2025 : penser la diffusion raisonn\u00e9e des chapiteaux<\/a><\/li>\n<\/ul>\n<\/div>\n\n\n\n<div class=\"wp-block-group tab-content is-layout-flow wp-block-group-is-layout-flow\">\n<ul class=\"wp-block-list\">\n<li><a target=\"_blank\" href=\"https:\/\/www.lestrademensuel.fr\/patrimoine-a-revisiter\/\" rel=\"noreferrer noopener\">[L&#8217;estrade mensuel] &#8220;Patrimoine \u00e0 revisiter&#8221; (11 avril 2019)<\/a><\/li>\n\n\n\n<li><a target=\"_blank\" href=\"https:\/\/moselle.tv\/grand-est-que-le-printemps-des-chapiteaux-commence\/\" rel=\"noreferrer noopener\">[Reportage Moselle TV] &#8221; Grand Est : Que le Printemps des chapiteaux commence&#8221; (10 avril 2018)<\/a><\/li>\n\n\n\n<li><a target=\"_blank\" href=\"https:\/\/france3-regions.francetvinfo.fr\/grand-est\/lorraine-3eme-printemps-des-chapiteaux-980128.html\" rel=\"noreferrer noopener\">[France 3 Grand Est] &#8220;Lorraine : 3\u00e8me Printemps des chapiteaux&#8221; (1er mai 2016)<\/a><\/li>\n\n\n\n<li><a target=\"_blank\" href=\"https:\/\/legrandshivarit.wordpress.com\/?s=printemps+des+chapiteaux\" rel=\"noreferrer noopener\">[Lorraine Magazine] &#8220;Sous les plus beaux chapiteaux de Lorraine&#8221;(2015)<\/a><\/li>\n\n\n\n<li><a target=\"_blank\" href=\"https:\/\/www.vosgestelevision.tv\/public\/Art-domicile-yhQWiA6QFi.html\" rel=\"noreferrer noopener\">[Reportage Moselle TV] &#8211; Art \u00e0 Domicile (28 mai 2015)<\/a><\/li>\n\n\n\n<li><a target=\"_blank\" href=\"https:\/\/epinalinfos.fr\/2015\/05\/epinal-un-chapiteau-place-des-vosges\/\" rel=\"noreferrer noopener\">[Epinal Infos] &#8220;Epinal &#8211; Un chapiteau place des Vosges&#8221; (22 mai 2015)<\/a><\/li>\n\n\n\n<li><a target=\"_blank\" href=\"https:\/\/www.vosgesmatin.fr\/edition-d-epinal\/2015\/05\/19\/epinal-lance-la-deuxieme-edition-du-printemps-des-chapiteaux\" rel=\"noreferrer noopener\">[Vosges Matin] Epinal lance la deuxi\u00e8me \u00e9dition du Printemps des chapiteaux (19 mai 2015)<\/a><\/li>\n\n\n\n<li><a href=\"https:\/\/grand-ciel.com\/wp-content\/uploads\/2023\/05\/Revue-de-presse-PDC.pdf\" target=\"_blank\" rel=\"noreferrer noopener\">Revue de presse Printemps des chapiteaux 2014<\/a><\/li>\n<\/ul>\n<\/div>\n\n\n\n<style>\n:root {\n  --tab-gray: #ccc;\n}\n.tabulations {\n    overflow: hidden;\n    \/* border-bottom: 1px solid var(--tab-gray); *\/\n    background-color: white;\n    display: flex;\n    flex-wrap: wrap;\n    align-items: stretch !important;\n    justify-content: space-between !important;\n    align-content: space-between;\n    flex-direction: row;\n    margin-bottom: 1px!important;\nline-height:1.2rem;\n    \/* gap: 0px!important; Usefull for images*\/\n}\n.tabulations div {\n  \/* float: left; *\/\n  border-bottom: 3px solid transparent;\n  cursor: pointer;\n  transition: 0.3s;\n  font-size: 17px;\n}\n.tabulations a.wp-block-button__link {\n    color: black!important;\n    background-color: var(--wp--preset--color--primary)!important;\n}\n.tabulations div a {\n    padding: 20px 40px !important;\nheight: 100%;\ndisplay:flex;\nalign-items: center;\n}\n.tabulations div:hover a, .tabulations div.active a {\n    color: var(--wp--preset--color--base)!important;\n}\n.tabulations div.active, .tabulations div:hover {\n    color: var(--wp--preset--color--secondary)!important;\n    border-bottom: 3px solid var(--wp--preset--color--secondary);\n    z-index: 3;\n}\n\n.tab-content {\n    display: none;\n    padding: 0 15px 15px;\n    border-top: none;\n    box-shadow: 0 12px 25px -10px #00000040;\n    background-color: white;\n}\n.active {\n    display: block;\n}\n<\/style>\n<script>\ndocument.addEventListener(\"click\", e => {  \nif ( e.target.parentElement.classList.contains(\"tab-title\") ) {\n     Tabulate(e) \n}  });\n\n[...document.querySelectorAll(\"div.tabulations div\")].forEach((tabTile, index) => {\n    tabTile.classList.toggle('active', index == 0)\n  });\n[...document.querySelectorAll(\".tab-content\")].forEach((tabcontent, index) => {\n  tabcontent.classList.toggle('active', index == 0)\n  });\nfunction Tabulate(e) {\t\n  let tabTiles = [...document.querySelectorAll(\"div.tabulations div\")];\n  let tabcontents = [...document.querySelectorAll(\".tab-content\")];\n  let activeTabIndex = tabTiles.findIndex(tab => { return tab == e.target.parentElement })\n  tabTiles.forEach((tabTile, index) => {\n    tabTile.classList.toggle('active', index === activeTabIndex)\n  })\n  tabcontents.forEach((tabcontent, index) => {\n  tabcontent.classList.toggle('active', index === activeTabIndex)\n  })\n}\n<\/script>\n","protected":false},"excerpt":{"rendered":"","protected":false},"author":31,"featured_media":2558,"parent":0,"menu_order":40,"comment_status":"closed","ping_status":"closed","template":"","meta":{"_uag_custom_page_level_css":"","footnotes":""},"class_list":["post-1908","page","type-page","status-publish","has-post-thumbnail","hentry"],"mb":[],"yoast_head":"<!-- This site is optimized with the Yoast SEO plugin v27.2 - https:\/\/yoast.com\/product\/yoast-seo-wordpress\/ -->\n<title>Ressources - Grand CIEL<\/title>\n<meta name=\"robots\" content=\"index, follow, max-snippet:-1, max-image-preview:large, max-video-preview:-1\" \/>\n<link rel=\"canonical\" href=\"https:\/\/grand-ciel.com\/en\/ressources\/\" \/>\n<meta property=\"og:locale\" content=\"en_US\" \/>\n<meta property=\"og:type\" content=\"article\" \/>\n<meta property=\"og:title\" content=\"Ressources - Grand CIEL\" \/>\n<meta property=\"og:url\" content=\"https:\/\/grand-ciel.com\/en\/ressources\/\" \/>\n<meta property=\"og:site_name\" content=\"Grand CIEL\" \/>\n<meta property=\"article:publisher\" content=\"https:\/\/www.facebook.com\/grandcielcirque\" \/>\n<meta property=\"article:modified_time\" content=\"2026-03-27T16:33:36+00:00\" \/>\n<meta property=\"og:image\" content=\"https:\/\/grand-ciel.com\/wp-content\/uploads\/2024\/08\/ressources.png\" \/>\n\t<meta property=\"og:image:width\" content=\"960\" \/>\n\t<meta property=\"og:image:height\" content=\"460\" \/>\n\t<meta property=\"og:image:type\" content=\"image\/png\" \/>\n<meta name=\"twitter:card\" content=\"summary_large_image\" \/>\n<meta name=\"twitter:label1\" content=\"Est. reading time\" \/>\n\t<meta name=\"twitter:data1\" content=\"2 minutes\" \/>\n<script type=\"application\/ld+json\" class=\"yoast-schema-graph\">{\"@context\":\"https:\/\/schema.org\",\"@graph\":[{\"@type\":\"WebPage\",\"@id\":\"https:\/\/grand-ciel.com\/en\/ressources\/\",\"url\":\"https:\/\/grand-ciel.com\/en\/ressources\/\",\"name\":\"Ressources - Grand CIEL\",\"isPartOf\":{\"@id\":\"https:\/\/grand-ciel.com\/#website\"},\"primaryImageOfPage\":{\"@id\":\"https:\/\/grand-ciel.com\/en\/ressources\/#primaryimage\"},\"image\":{\"@id\":\"https:\/\/grand-ciel.com\/en\/ressources\/#primaryimage\"},\"thumbnailUrl\":\"https:\/\/grand-ciel.com\/wp-content\/uploads\/2024\/08\/ressources.png\",\"datePublished\":\"2023-04-30T15:01:16+00:00\",\"dateModified\":\"2026-03-27T16:33:36+00:00\",\"breadcrumb\":{\"@id\":\"https:\/\/grand-ciel.com\/en\/ressources\/#breadcrumb\"},\"inLanguage\":\"en-US\",\"potentialAction\":[{\"@type\":\"ReadAction\",\"target\":[\"https:\/\/grand-ciel.com\/en\/ressources\/\"]}]},{\"@type\":\"ImageObject\",\"inLanguage\":\"en-US\",\"@id\":\"https:\/\/grand-ciel.com\/en\/ressources\/#primaryimage\",\"url\":\"https:\/\/grand-ciel.com\/wp-content\/uploads\/2024\/08\/ressources.png\",\"contentUrl\":\"https:\/\/grand-ciel.com\/wp-content\/uploads\/2024\/08\/ressources.png\",\"width\":960,\"height\":460},{\"@type\":\"BreadcrumbList\",\"@id\":\"https:\/\/grand-ciel.com\/en\/ressources\/#breadcrumb\",\"itemListElement\":[{\"@type\":\"ListItem\",\"position\":1,\"name\":\"Accueil\",\"item\":\"https:\/\/grand-ciel.com\/en\/home\/\"},{\"@type\":\"ListItem\",\"position\":2,\"name\":\"Ressources\"}]},{\"@type\":\"WebSite\",\"@id\":\"https:\/\/grand-ciel.com\/#website\",\"url\":\"https:\/\/grand-ciel.com\/\",\"name\":\"Grand CIEL\",\"description\":\"\",\"publisher\":{\"@id\":\"https:\/\/grand-ciel.com\/#organization\"},\"potentialAction\":[{\"@type\":\"SearchAction\",\"target\":{\"@type\":\"EntryPoint\",\"urlTemplate\":\"https:\/\/grand-ciel.com\/?s={search_term_string}\"},\"query-input\":{\"@type\":\"PropertyValueSpecification\",\"valueRequired\":true,\"valueName\":\"search_term_string\"}}],\"inLanguage\":\"en-US\"},{\"@type\":\"Organization\",\"@id\":\"https:\/\/grand-ciel.com\/#organization\",\"name\":\"Grand CIEL\",\"url\":\"https:\/\/grand-ciel.com\/\",\"logo\":{\"@type\":\"ImageObject\",\"inLanguage\":\"en-US\",\"@id\":\"https:\/\/grand-ciel.com\/#\/schema\/logo\/image\/\",\"url\":\"https:\/\/grand-ciel.com\/wp-content\/uploads\/2023\/05\/logo_Grand_Ciel_orange_fond_bleu_250.jpg\",\"contentUrl\":\"https:\/\/grand-ciel.com\/wp-content\/uploads\/2023\/05\/logo_Grand_Ciel_orange_fond_bleu_250.jpg\",\"width\":250,\"height\":148,\"caption\":\"Grand CIEL\"},\"image\":{\"@id\":\"https:\/\/grand-ciel.com\/#\/schema\/logo\/image\/\"},\"sameAs\":[\"https:\/\/www.facebook.com\/grandcielcirque\"]}]}<\/script>\n<!-- \/ Yoast SEO plugin. -->","yoast_head_json":{"title":"Ressources - Grand CIEL","robots":{"index":"index","follow":"follow","max-snippet":"max-snippet:-1","max-image-preview":"max-image-preview:large","max-video-preview":"max-video-preview:-1"},"canonical":"https:\/\/grand-ciel.com\/en\/ressources\/","og_locale":"en_US","og_type":"article","og_title":"Ressources - Grand CIEL","og_url":"https:\/\/grand-ciel.com\/en\/ressources\/","og_site_name":"Grand CIEL","article_publisher":"https:\/\/www.facebook.com\/grandcielcirque","article_modified_time":"2026-03-27T16:33:36+00:00","og_image":[{"width":960,"height":460,"url":"https:\/\/grand-ciel.com\/wp-content\/uploads\/2024\/08\/ressources.png","type":"image\/png"}],"twitter_card":"summary_large_image","twitter_misc":{"Est. reading time":"2 minutes"},"schema":{"@context":"https:\/\/schema.org","@graph":[{"@type":"WebPage","@id":"https:\/\/grand-ciel.com\/en\/ressources\/","url":"https:\/\/grand-ciel.com\/en\/ressources\/","name":"Ressources - Grand CIEL","isPartOf":{"@id":"https:\/\/grand-ciel.com\/#website"},"primaryImageOfPage":{"@id":"https:\/\/grand-ciel.com\/en\/ressources\/#primaryimage"},"image":{"@id":"https:\/\/grand-ciel.com\/en\/ressources\/#primaryimage"},"thumbnailUrl":"https:\/\/grand-ciel.com\/wp-content\/uploads\/2024\/08\/ressources.png","datePublished":"2023-04-30T15:01:16+00:00","dateModified":"2026-03-27T16:33:36+00:00","breadcrumb":{"@id":"https:\/\/grand-ciel.com\/en\/ressources\/#breadcrumb"},"inLanguage":"en-US","potentialAction":[{"@type":"ReadAction","target":["https:\/\/grand-ciel.com\/en\/ressources\/"]}]},{"@type":"ImageObject","inLanguage":"en-US","@id":"https:\/\/grand-ciel.com\/en\/ressources\/#primaryimage","url":"https:\/\/grand-ciel.com\/wp-content\/uploads\/2024\/08\/ressources.png","contentUrl":"https:\/\/grand-ciel.com\/wp-content\/uploads\/2024\/08\/ressources.png","width":960,"height":460},{"@type":"BreadcrumbList","@id":"https:\/\/grand-ciel.com\/en\/ressources\/#breadcrumb","itemListElement":[{"@type":"ListItem","position":1,"name":"Accueil","item":"https:\/\/grand-ciel.com\/en\/home\/"},{"@type":"ListItem","position":2,"name":"Ressources"}]},{"@type":"WebSite","@id":"https:\/\/grand-ciel.com\/#website","url":"https:\/\/grand-ciel.com\/","name":"Grand CIEL","description":"","publisher":{"@id":"https:\/\/grand-ciel.com\/#organization"},"potentialAction":[{"@type":"SearchAction","target":{"@type":"EntryPoint","urlTemplate":"https:\/\/grand-ciel.com\/?s={search_term_string}"},"query-input":{"@type":"PropertyValueSpecification","valueRequired":true,"valueName":"search_term_string"}}],"inLanguage":"en-US"},{"@type":"Organization","@id":"https:\/\/grand-ciel.com\/#organization","name":"Grand CIEL","url":"https:\/\/grand-ciel.com\/","logo":{"@type":"ImageObject","inLanguage":"en-US","@id":"https:\/\/grand-ciel.com\/#\/schema\/logo\/image\/","url":"https:\/\/grand-ciel.com\/wp-content\/uploads\/2023\/05\/logo_Grand_Ciel_orange_fond_bleu_250.jpg","contentUrl":"https:\/\/grand-ciel.com\/wp-content\/uploads\/2023\/05\/logo_Grand_Ciel_orange_fond_bleu_250.jpg","width":250,"height":148,"caption":"Grand CIEL"},"image":{"@id":"https:\/\/grand-ciel.com\/#\/schema\/logo\/image\/"},"sameAs":["https:\/\/www.facebook.com\/grandcielcirque"]}]}},"uagb_featured_image_src":{"full":["https:\/\/grand-ciel.com\/wp-content\/uploads\/2024\/08\/ressources.png",960,460,false],"thumbnail":["https:\/\/grand-ciel.com\/wp-content\/uploads\/2024\/08\/ressources-150x150.png",150,150,true],"medium":["https:\/\/grand-ciel.com\/wp-content\/uploads\/2024\/08\/ressources-480x230.png",480,230,true],"medium_large":["https:\/\/grand-ciel.com\/wp-content\/uploads\/2024\/08\/ressources-768x368.png",768,368,true],"large":["https:\/\/grand-ciel.com\/wp-content\/uploads\/2024\/08\/ressources.png",960,460,false],"gs-tiny":["https:\/\/grand-ciel.com\/wp-content\/uploads\/2024\/08\/ressources-50x24.png",50,24,true],"xl":["https:\/\/grand-ciel.com\/wp-content\/uploads\/2024\/08\/ressources.png",960,460,false],"xxl":["https:\/\/grand-ciel.com\/wp-content\/uploads\/2024\/08\/ressources.png",960,460,false],"xxxl":["https:\/\/grand-ciel.com\/wp-content\/uploads\/2024\/08\/ressources.png",960,460,false],"xxxxl":["https:\/\/grand-ciel.com\/wp-content\/uploads\/2024\/08\/ressources.png",960,460,false],"xxxxxl":["https:\/\/grand-ciel.com\/wp-content\/uploads\/2024\/08\/ressources.png",960,460,false],"1536x1536":["https:\/\/grand-ciel.com\/wp-content\/uploads\/2024\/08\/ressources.png",960,460,false],"2048x2048":["https:\/\/grand-ciel.com\/wp-content\/uploads\/2024\/08\/ressources.png",960,460,false]},"uagb_author_info":{"display_name":"Adeline Renard","author_link":"https:\/\/grand-ciel.com\/en\/author\/adelinetestgc\/"},"uagb_comment_info":0,"uagb_excerpt":null,"mfb_rest_fields":["title","yoast_head","yoast_head_json","uagb_featured_image_src","uagb_author_info","uagb_comment_info","uagb_excerpt"],"_links":{"self":[{"href":"https:\/\/grand-ciel.com\/en\/wp-json\/wp\/v2\/pages\/1908","targetHints":{"allow":["GET"]}}],"collection":[{"href":"https:\/\/grand-ciel.com\/en\/wp-json\/wp\/v2\/pages"}],"about":[{"href":"https:\/\/grand-ciel.com\/en\/wp-json\/wp\/v2\/types\/page"}],"author":[{"embeddable":true,"href":"https:\/\/grand-ciel.com\/en\/wp-json\/wp\/v2\/users\/31"}],"replies":[{"embeddable":true,"href":"https:\/\/grand-ciel.com\/en\/wp-json\/wp\/v2\/comments?post=1908"}],"version-history":[{"count":3,"href":"https:\/\/grand-ciel.com\/en\/wp-json\/wp\/v2\/pages\/1908\/revisions"}],"predecessor-version":[{"id":3968,"href":"https:\/\/grand-ciel.com\/en\/wp-json\/wp\/v2\/pages\/1908\/revisions\/3968"}],"wp:featuredmedia":[{"embeddable":true,"href":"https:\/\/grand-ciel.com\/en\/wp-json\/wp\/v2\/media\/2558"}],"wp:attachment":[{"href":"https:\/\/grand-ciel.com\/en\/wp-json\/wp\/v2\/media?parent=1908"}],"curies":[{"name":"wp","href":"https:\/\/api.w.org\/{rel}","templated":true}]}}