{"id":1903,"date":"2023-04-30T17:01:13","date_gmt":"2023-04-30T15:01:13","guid":{"rendered":"https:\/\/grand-ciel.com\/membres\/devenir-membre\/"},"modified":"2024-04-22T15:15:04","modified_gmt":"2024-04-22T13:15:04","slug":"devenir-membre","status":"publish","type":"page","link":"https:\/\/grand-ciel.com\/en\/membres\/devenir-membre\/","title":{"rendered":"Devenir membre"},"content":{"rendered":"\n<h2 class=\"wp-block-heading\">Les adh\u00e9sions au r\u00e9seau Grand CIEL \u2013 Cirque en liens sont ouvertes !<\/h2>\n\n\n\n<p>Pour participer activement \u00e0 nos travaux, d\u00e9velopper le dynamisme de l\u2019association et imaginer ensemble de nouveaux chantiers, n&#8217;h\u00e9sitez pas \u00e0 demander votre adh\u00e9sion \u00e0 notre r\u00e9seau.<\/p>\n\n\n\n<p>Vous avez des interrogations sur la marche \u00e0 suivre, des questions sur le fonctionnement du r\u00e9seau et ses actions au quotidien, des propositions de projets ?<\/p>\n\n\n\n<p>N\u2019h\u00e9sitez pas \u00e0 prendre attache avec Ya\u00eblle Schweitzer, notre secr\u00e9taire g\u00e9n\u00e9rale, au&nbsp;<a href=\"tel:+33763303962\">07 63 30 39 62<\/a>&nbsp;ou depuis <a href=\"https:\/\/grand-ciel.com\/en\/contact\/\" data-type=\"page\" data-id=\"76\">ce&nbsp;formulaire de contact<\/a>.<\/p>\n\n\n\n<h2 class=\"wp-block-heading\">Pr\u00e9-requis pour adh\u00e9rer au r\u00e9seau&nbsp;:<\/h2>\n\n\n\n<ul class=\"wp-block-list\">\n<li>Repr\u00e9senter un lieu, \u00eatre en gestion d\u2019un \u00e9quipement situ\u00e9 en r\u00e9gion Grand Est&nbsp;;<\/li>\n\n\n\n<li>Attester d\u2019un d\u00e9sir de participer \u00e0 un r\u00e9seau de structures visant le d\u00e9veloppement du cirque de cr\u00e9ation en r\u00e9gion Grand Est et dans les pays limitrophes&nbsp;;<\/li>\n\n\n\n<li>D\u00e9velopper un projet artistique relatant un engagement, un rayonnement territorial et des actions d\u00e9velopp\u00e9es dans le domaine des arts du cirque&nbsp;;<\/li>\n\n\n\n<li>\u00catre en capacit\u00e9 de respecter le projet de Grand CIEL notamment dans la relation aux \u00e9quipes artistiques et aux publics&nbsp;;<\/li>\n\n\n\n<li>Accepter le r\u00e8glement int\u00e9rieur de l\u2019association et partager sa philosophie.<\/li>\n<\/ul>\n\n\n\n<h2 class=\"wp-block-heading\">\u00catre membre du r\u00e9seau Grand CIEL, c\u2019est&nbsp;:<\/h2>\n\n\n\n<ul class=\"wp-block-list\">\n<li>Participer au d\u00e9veloppement et \u00e0 la reconnaissance du cirque de cr\u00e9ation, \u00e0 la mise en relation de ses acteurs sur le territoire r\u00e9gional&nbsp;;<\/li>\n\n\n\n<li>Prendre part active aux d\u00e9cisions du r\u00e9seau, notamment \u00e0 l\u2019occasion des diff\u00e9rentes rencontres pl\u00e9ni\u00e8res, des assembl\u00e9es g\u00e9n\u00e9rales ou en devenant membre du CA;<\/li>\n\n\n\n<li>Profiter des \u00e9changes artistiques, des mutualisations de moyens et d\u2019expertises aupr\u00e8s des autres adh\u00e9rents&nbsp;;<\/li>\n\n\n\n<li>Avoir la possibilit\u00e9 de b\u00e9n\u00e9ficier d\u2019un appui financier du r\u00e9seau Grand CIEL pour le soutien \u00e0 la cr\u00e9ation et \u00e0 la diffusion d\u2019artistes circaciens r\u00e9gionaux, nationaux et internationaux&nbsp;;<\/li>\n\n\n\n<li>\u00catre identifi\u00e9 sur la cartographie du r\u00e9seau comme structure impliqu\u00e9e dans le d\u00e9veloppement et le rayonnement de la cr\u00e9ation circacienne&nbsp;;<\/li>\n\n\n\n<li>S\u2019engager \u00e0 travailler dans l\u2019int\u00e9r\u00eat commun et \u00e0 animer ses \u00e9changes dans un esprit de confiance, de bienveillance et de partage&nbsp;;<\/li>\n\n\n\n<li>Faire la promotion de ses spectacles, des r\u00e9sidences ou toute autre action artistique et culturelle en lien avec le cirque de cr\u00e9ation sur le site internet du r\u00e9seau.<\/li>\n<\/ul>\n\n\n\n<h2 class=\"wp-block-heading\">Montant de l\u2019adh\u00e9sion<\/h2>\n\n\n\n<p>Le montant annuel de la cotisation est d\u00e9fini par les statuts de l\u2019association et correspond \u00e0 0,1% du budget artistique de la structure adh\u00e9rente. Un plancher est fix\u00e9 \u00e0 150 \u20ac, ainsi qu\u2019un plafond \u00e0 600 \u20ac. En adh\u00e9rant au r\u00e9seau Grand CIEL, la structure s\u2019acquitte de sa cotisation pour l\u2019ann\u00e9e en cours.<\/p>\n\n\n\n<div class=\"wp-block-buttons is-layout-flex wp-block-buttons-is-layout-flex\">\n<div class=\"wp-block-button\"><a class=\"wp-block-button__link wp-element-button\" href=\"https:\/\/grand-ciel.com\/wp-content\/uploads\/2024\/04\/Appel-a-cotisations-2024_diffuse.pdf\" target=\"_blank\" rel=\"noreferrer noopener\">T\u00e9l\u00e9charger l&#8217;appel \u00e0 cotisation 2024<\/a><\/div>\n<\/div>\n\n\n\n<p>Ce bulletin d\u2019adh\u00e9sion est \u00e0 retourner par email \u00e0 sg[a]grand-ciel.com<\/p>\n\n\n\n<h2 class=\"wp-block-heading\">Nous rejoindre&nbsp;<\/h2>\n\n\n\n<p>Pour devenir membre du r\u00e9seau Grand CIEL, prenez contact avec l\u2019un de nos membres ou avec notre secr\u00e9taire g\u00e9n\u00e9rale en utilisant le formulaire disponible \u00e0 la rubrique contact ou par email \u00e0 sg[a]grand-ciel.com. Transmettez-nous les informations concernant votre structure, votre projet, ainsi que vos motivations \u00e0 entrer dans le r\u00e9seau.<\/p>\n\n\n\n<p>Le Conseil d\u2019Administration \u00e9tudiera votre demande d\u2019adh\u00e9sion qui sera vot\u00e9e \u00e0 l\u2019occasion de l\u2019Assembl\u00e9e g\u00e9n\u00e9rale ordinaire de l\u2019association qui a lieu chaque ann\u00e9e, au printemps.<\/p>\n","protected":false},"excerpt":{"rendered":"<p>Les adh\u00e9sions au r\u00e9seau Grand CIEL \u2013 Cirque en liens sont ouvertes ! Pour participer activement \u00e0 nos travaux, d\u00e9velopper le dynamisme de l\u2019association et imaginer ensemble de nouveaux chantiers, n&#8217;h\u00e9sitez pas \u00e0 demander votre adh\u00e9sion \u00e0 notre r\u00e9seau. Vous avez des interrogations sur la marche \u00e0 suivre, des questions sur le fonctionnement du r\u00e9seau [&hellip;]<\/p>\n","protected":false},"author":31,"featured_media":1886,"parent":1901,"menu_order":20,"comment_status":"closed","ping_status":"closed","template":"","meta":{"_uag_custom_page_level_css":"","footnotes":""},"class_list":["post-1903","page","type-page","status-publish","has-post-thumbnail","hentry"],"mb":[],"yoast_head":"<!-- This site is optimized with the Yoast SEO plugin v27.2 - https:\/\/yoast.com\/product\/yoast-seo-wordpress\/ -->\n<title>Devenir membre - Grand CIEL Devenir membre<\/title>\n<meta name=\"description\" content=\"C&#039;est le printemps ! Le bulletin d&#039;adh\u00e9sion 2024 est en ligne ! L&#039;assembl\u00e9e g\u00e9n\u00e9rale approche. Rejoignez-nous et participez activement \u00e0 nos travaux ! Venez d\u00e9velopper le dynamisme de l\u2019association et imaginer ensemble de nouveaux chantiers... N\u2019h\u00e9sitez pas \u00e0 demander votre adh\u00e9sion \u00e0 notre r\u00e9seau. infos : sg[a]grand-ciel.com\" \/>\n<meta name=\"robots\" content=\"index, follow, max-snippet:-1, max-image-preview:large, max-video-preview:-1\" \/>\n<link rel=\"canonical\" href=\"https:\/\/grand-ciel.com\/en\/membres\/devenir-membre\/\" \/>\n<meta property=\"og:locale\" content=\"en_US\" \/>\n<meta property=\"og:type\" content=\"article\" \/>\n<meta property=\"og:title\" content=\"Devenir membre - Grand CIEL Devenir membre\" \/>\n<meta property=\"og:description\" content=\"C&#039;est le printemps ! Le bulletin d&#039;adh\u00e9sion 2024 est en ligne ! L&#039;assembl\u00e9e g\u00e9n\u00e9rale approche. Rejoignez-nous et participez activement \u00e0 nos travaux ! Venez d\u00e9velopper le dynamisme de l\u2019association et imaginer ensemble de nouveaux chantiers... N\u2019h\u00e9sitez pas \u00e0 demander votre adh\u00e9sion \u00e0 notre r\u00e9seau. infos : sg[a]grand-ciel.com\" \/>\n<meta property=\"og:url\" content=\"https:\/\/grand-ciel.com\/en\/membres\/devenir-membre\/\" \/>\n<meta property=\"og:site_name\" content=\"Grand CIEL\" \/>\n<meta property=\"article:publisher\" content=\"https:\/\/www.facebook.com\/grandcielcirque\" \/>\n<meta property=\"article:modified_time\" content=\"2024-04-22T13:15:04+00:00\" \/>\n<meta property=\"og:image\" content=\"https:\/\/grand-ciel.com\/wp-content\/uploads\/2023\/08\/header-28.jpg\" \/>\n\t<meta property=\"og:image:width\" content=\"960\" \/>\n\t<meta property=\"og:image:height\" content=\"460\" \/>\n\t<meta property=\"og:image:type\" content=\"image\/jpeg\" \/>\n<meta name=\"twitter:card\" content=\"summary_large_image\" \/>\n<meta name=\"twitter:label1\" content=\"Est. reading time\" \/>\n\t<meta name=\"twitter:data1\" content=\"3 minutes\" \/>\n<script type=\"application\/ld+json\" class=\"yoast-schema-graph\">{\"@context\":\"https:\/\/schema.org\",\"@graph\":[{\"@type\":\"WebPage\",\"@id\":\"https:\/\/grand-ciel.com\/en\/membres\/devenir-membre\/\",\"url\":\"https:\/\/grand-ciel.com\/en\/membres\/devenir-membre\/\",\"name\":\"Devenir membre - Grand CIEL Devenir membre\",\"isPartOf\":{\"@id\":\"https:\/\/grand-ciel.com\/#website\"},\"primaryImageOfPage\":{\"@id\":\"https:\/\/grand-ciel.com\/en\/membres\/devenir-membre\/#primaryimage\"},\"image\":{\"@id\":\"https:\/\/grand-ciel.com\/en\/membres\/devenir-membre\/#primaryimage\"},\"thumbnailUrl\":\"https:\/\/grand-ciel.com\/wp-content\/uploads\/2023\/08\/header-28.jpg\",\"datePublished\":\"2023-04-30T15:01:13+00:00\",\"dateModified\":\"2024-04-22T13:15:04+00:00\",\"description\":\"C'est le printemps ! Le bulletin d'adh\u00e9sion 2024 est en ligne ! L'assembl\u00e9e g\u00e9n\u00e9rale approche. Rejoignez-nous et participez activement \u00e0 nos travaux ! Venez d\u00e9velopper le dynamisme de l\u2019association et imaginer ensemble de nouveaux chantiers... N\u2019h\u00e9sitez pas \u00e0 demander votre adh\u00e9sion \u00e0 notre r\u00e9seau. infos : sg[a]grand-ciel.com\",\"breadcrumb\":{\"@id\":\"https:\/\/grand-ciel.com\/en\/membres\/devenir-membre\/#breadcrumb\"},\"inLanguage\":\"en-US\",\"potentialAction\":[{\"@type\":\"ReadAction\",\"target\":[\"https:\/\/grand-ciel.com\/en\/membres\/devenir-membre\/\"]}]},{\"@type\":\"ImageObject\",\"inLanguage\":\"en-US\",\"@id\":\"https:\/\/grand-ciel.com\/en\/membres\/devenir-membre\/#primaryimage\",\"url\":\"https:\/\/grand-ciel.com\/wp-content\/uploads\/2023\/08\/header-28.jpg\",\"contentUrl\":\"https:\/\/grand-ciel.com\/wp-content\/uploads\/2023\/08\/header-28.jpg\",\"width\":960,\"height\":460},{\"@type\":\"BreadcrumbList\",\"@id\":\"https:\/\/grand-ciel.com\/en\/membres\/devenir-membre\/#breadcrumb\",\"itemListElement\":[{\"@type\":\"ListItem\",\"position\":1,\"name\":\"Accueil\",\"item\":\"https:\/\/grand-ciel.com\/en\/home\/\"},{\"@type\":\"ListItem\",\"position\":2,\"name\":\"Membres\",\"item\":\"https:\/\/grand-ciel.com\/en\/membres\/\"},{\"@type\":\"ListItem\",\"position\":3,\"name\":\"Devenir membre\"}]},{\"@type\":\"WebSite\",\"@id\":\"https:\/\/grand-ciel.com\/#website\",\"url\":\"https:\/\/grand-ciel.com\/\",\"name\":\"Grand CIEL\",\"description\":\"\",\"publisher\":{\"@id\":\"https:\/\/grand-ciel.com\/#organization\"},\"potentialAction\":[{\"@type\":\"SearchAction\",\"target\":{\"@type\":\"EntryPoint\",\"urlTemplate\":\"https:\/\/grand-ciel.com\/?s={search_term_string}\"},\"query-input\":{\"@type\":\"PropertyValueSpecification\",\"valueRequired\":true,\"valueName\":\"search_term_string\"}}],\"inLanguage\":\"en-US\"},{\"@type\":\"Organization\",\"@id\":\"https:\/\/grand-ciel.com\/#organization\",\"name\":\"Grand CIEL\",\"url\":\"https:\/\/grand-ciel.com\/\",\"logo\":{\"@type\":\"ImageObject\",\"inLanguage\":\"en-US\",\"@id\":\"https:\/\/grand-ciel.com\/#\/schema\/logo\/image\/\",\"url\":\"https:\/\/grand-ciel.com\/wp-content\/uploads\/2023\/05\/logo_Grand_Ciel_orange_fond_bleu_250.jpg\",\"contentUrl\":\"https:\/\/grand-ciel.com\/wp-content\/uploads\/2023\/05\/logo_Grand_Ciel_orange_fond_bleu_250.jpg\",\"width\":250,\"height\":148,\"caption\":\"Grand CIEL\"},\"image\":{\"@id\":\"https:\/\/grand-ciel.com\/#\/schema\/logo\/image\/\"},\"sameAs\":[\"https:\/\/www.facebook.com\/grandcielcirque\"]}]}<\/script>\n<!-- \/ Yoast SEO plugin. -->","yoast_head_json":{"title":"Devenir membre - Grand CIEL Devenir membre","description":"C'est le printemps ! Le bulletin d'adh\u00e9sion 2024 est en ligne ! L'assembl\u00e9e g\u00e9n\u00e9rale approche. Rejoignez-nous et participez activement \u00e0 nos travaux ! Venez d\u00e9velopper le dynamisme de l\u2019association et imaginer ensemble de nouveaux chantiers... N\u2019h\u00e9sitez pas \u00e0 demander votre adh\u00e9sion \u00e0 notre r\u00e9seau. infos : sg[a]grand-ciel.com","robots":{"index":"index","follow":"follow","max-snippet":"max-snippet:-1","max-image-preview":"max-image-preview:large","max-video-preview":"max-video-preview:-1"},"canonical":"https:\/\/grand-ciel.com\/en\/membres\/devenir-membre\/","og_locale":"en_US","og_type":"article","og_title":"Devenir membre - Grand CIEL Devenir membre","og_description":"C'est le printemps ! Le bulletin d'adh\u00e9sion 2024 est en ligne ! L'assembl\u00e9e g\u00e9n\u00e9rale approche. Rejoignez-nous et participez activement \u00e0 nos travaux ! Venez d\u00e9velopper le dynamisme de l\u2019association et imaginer ensemble de nouveaux chantiers... N\u2019h\u00e9sitez pas \u00e0 demander votre adh\u00e9sion \u00e0 notre r\u00e9seau. infos : sg[a]grand-ciel.com","og_url":"https:\/\/grand-ciel.com\/en\/membres\/devenir-membre\/","og_site_name":"Grand CIEL","article_publisher":"https:\/\/www.facebook.com\/grandcielcirque","article_modified_time":"2024-04-22T13:15:04+00:00","og_image":[{"width":960,"height":460,"url":"https:\/\/grand-ciel.com\/wp-content\/uploads\/2023\/08\/header-28.jpg","type":"image\/jpeg"}],"twitter_card":"summary_large_image","twitter_misc":{"Est. reading time":"3 minutes"},"schema":{"@context":"https:\/\/schema.org","@graph":[{"@type":"WebPage","@id":"https:\/\/grand-ciel.com\/en\/membres\/devenir-membre\/","url":"https:\/\/grand-ciel.com\/en\/membres\/devenir-membre\/","name":"Devenir membre - Grand CIEL Devenir membre","isPartOf":{"@id":"https:\/\/grand-ciel.com\/#website"},"primaryImageOfPage":{"@id":"https:\/\/grand-ciel.com\/en\/membres\/devenir-membre\/#primaryimage"},"image":{"@id":"https:\/\/grand-ciel.com\/en\/membres\/devenir-membre\/#primaryimage"},"thumbnailUrl":"https:\/\/grand-ciel.com\/wp-content\/uploads\/2023\/08\/header-28.jpg","datePublished":"2023-04-30T15:01:13+00:00","dateModified":"2024-04-22T13:15:04+00:00","description":"C'est le printemps ! Le bulletin d'adh\u00e9sion 2024 est en ligne ! L'assembl\u00e9e g\u00e9n\u00e9rale approche. Rejoignez-nous et participez activement \u00e0 nos travaux ! Venez d\u00e9velopper le dynamisme de l\u2019association et imaginer ensemble de nouveaux chantiers... N\u2019h\u00e9sitez pas \u00e0 demander votre adh\u00e9sion \u00e0 notre r\u00e9seau. infos : sg[a]grand-ciel.com","breadcrumb":{"@id":"https:\/\/grand-ciel.com\/en\/membres\/devenir-membre\/#breadcrumb"},"inLanguage":"en-US","potentialAction":[{"@type":"ReadAction","target":["https:\/\/grand-ciel.com\/en\/membres\/devenir-membre\/"]}]},{"@type":"ImageObject","inLanguage":"en-US","@id":"https:\/\/grand-ciel.com\/en\/membres\/devenir-membre\/#primaryimage","url":"https:\/\/grand-ciel.com\/wp-content\/uploads\/2023\/08\/header-28.jpg","contentUrl":"https:\/\/grand-ciel.com\/wp-content\/uploads\/2023\/08\/header-28.jpg","width":960,"height":460},{"@type":"BreadcrumbList","@id":"https:\/\/grand-ciel.com\/en\/membres\/devenir-membre\/#breadcrumb","itemListElement":[{"@type":"ListItem","position":1,"name":"Accueil","item":"https:\/\/grand-ciel.com\/en\/home\/"},{"@type":"ListItem","position":2,"name":"Membres","item":"https:\/\/grand-ciel.com\/en\/membres\/"},{"@type":"ListItem","position":3,"name":"Devenir membre"}]},{"@type":"WebSite","@id":"https:\/\/grand-ciel.com\/#website","url":"https:\/\/grand-ciel.com\/","name":"Grand CIEL","description":"","publisher":{"@id":"https:\/\/grand-ciel.com\/#organization"},"potentialAction":[{"@type":"SearchAction","target":{"@type":"EntryPoint","urlTemplate":"https:\/\/grand-ciel.com\/?s={search_term_string}"},"query-input":{"@type":"PropertyValueSpecification","valueRequired":true,"valueName":"search_term_string"}}],"inLanguage":"en-US"},{"@type":"Organization","@id":"https:\/\/grand-ciel.com\/#organization","name":"Grand CIEL","url":"https:\/\/grand-ciel.com\/","logo":{"@type":"ImageObject","inLanguage":"en-US","@id":"https:\/\/grand-ciel.com\/#\/schema\/logo\/image\/","url":"https:\/\/grand-ciel.com\/wp-content\/uploads\/2023\/05\/logo_Grand_Ciel_orange_fond_bleu_250.jpg","contentUrl":"https:\/\/grand-ciel.com\/wp-content\/uploads\/2023\/05\/logo_Grand_Ciel_orange_fond_bleu_250.jpg","width":250,"height":148,"caption":"Grand CIEL"},"image":{"@id":"https:\/\/grand-ciel.com\/#\/schema\/logo\/image\/"},"sameAs":["https:\/\/www.facebook.com\/grandcielcirque"]}]}},"uagb_featured_image_src":{"full":["https:\/\/grand-ciel.com\/wp-content\/uploads\/2023\/08\/header-28.jpg",960,460,false],"thumbnail":["https:\/\/grand-ciel.com\/wp-content\/uploads\/2023\/08\/header-28-150x150.jpg",150,150,true],"medium":["https:\/\/grand-ciel.com\/wp-content\/uploads\/2023\/08\/header-28-480x230.jpg",480,230,true],"medium_large":["https:\/\/grand-ciel.com\/wp-content\/uploads\/2023\/08\/header-28-768x368.jpg",768,368,true],"large":["https:\/\/grand-ciel.com\/wp-content\/uploads\/2023\/08\/header-28.jpg",960,460,false],"gs-tiny":["https:\/\/grand-ciel.com\/wp-content\/uploads\/2023\/08\/header-28.jpg",50,24,false],"xl":["https:\/\/grand-ciel.com\/wp-content\/uploads\/2023\/08\/header-28.jpg",960,460,false],"xxl":["https:\/\/grand-ciel.com\/wp-content\/uploads\/2023\/08\/header-28.jpg",960,460,false],"xxxl":["https:\/\/grand-ciel.com\/wp-content\/uploads\/2023\/08\/header-28.jpg",960,460,false],"xxxxl":["https:\/\/grand-ciel.com\/wp-content\/uploads\/2023\/08\/header-28.jpg",960,460,false],"xxxxxl":["https:\/\/grand-ciel.com\/wp-content\/uploads\/2023\/08\/header-28.jpg",960,460,false],"1536x1536":["https:\/\/grand-ciel.com\/wp-content\/uploads\/2023\/08\/header-28.jpg",960,460,false],"2048x2048":["https:\/\/grand-ciel.com\/wp-content\/uploads\/2023\/08\/header-28.jpg",960,460,false]},"uagb_author_info":{"display_name":"Adeline Renard","author_link":"https:\/\/grand-ciel.com\/en\/author\/adelinetestgc\/"},"uagb_comment_info":0,"uagb_excerpt":"Les adh\u00e9sions au r\u00e9seau Grand CIEL \u2013 Cirque en liens sont ouvertes ! Pour participer activement \u00e0 nos travaux, d\u00e9velopper le dynamisme de l\u2019association et imaginer ensemble de nouveaux chantiers, n&#8217;h\u00e9sitez pas \u00e0 demander votre adh\u00e9sion \u00e0 notre r\u00e9seau. Vous avez des interrogations sur la marche \u00e0 suivre, des questions sur le fonctionnement du r\u00e9seau&hellip;","mfb_rest_fields":["title","yoast_head","yoast_head_json","uagb_featured_image_src","uagb_author_info","uagb_comment_info","uagb_excerpt"],"_links":{"self":[{"href":"https:\/\/grand-ciel.com\/en\/wp-json\/wp\/v2\/pages\/1903","targetHints":{"allow":["GET"]}}],"collection":[{"href":"https:\/\/grand-ciel.com\/en\/wp-json\/wp\/v2\/pages"}],"about":[{"href":"https:\/\/grand-ciel.com\/en\/wp-json\/wp\/v2\/types\/page"}],"author":[{"embeddable":true,"href":"https:\/\/grand-ciel.com\/en\/wp-json\/wp\/v2\/users\/31"}],"replies":[{"embeddable":true,"href":"https:\/\/grand-ciel.com\/en\/wp-json\/wp\/v2\/comments?post=1903"}],"version-history":[{"count":3,"href":"https:\/\/grand-ciel.com\/en\/wp-json\/wp\/v2\/pages\/1903\/revisions"}],"predecessor-version":[{"id":2314,"href":"https:\/\/grand-ciel.com\/en\/wp-json\/wp\/v2\/pages\/1903\/revisions\/2314"}],"up":[{"embeddable":true,"href":"https:\/\/grand-ciel.com\/en\/wp-json\/wp\/v2\/pages\/1901"}],"wp:featuredmedia":[{"embeddable":true,"href":"https:\/\/grand-ciel.com\/en\/wp-json\/wp\/v2\/media\/1886"}],"wp:attachment":[{"href":"https:\/\/grand-ciel.com\/en\/wp-json\/wp\/v2\/media?parent=1903"}],"curies":[{"name":"wp","href":"https:\/\/api.w.org\/{rel}","templated":true}]}}