{"id":1900,"date":"2023-04-30T17:01:12","date_gmt":"2023-04-30T15:01:12","guid":{"rendered":"https:\/\/grand-ciel.com\/network\/equipe\/"},"modified":"2025-12-02T16:30:51","modified_gmt":"2025-12-02T15:30:51","slug":"equipe","status":"publish","type":"page","link":"https:\/\/grand-ciel.com\/en\/network\/equipe\/","title":{"rendered":"\u00c9quipe"},"content":{"rendered":"\n<h2 class=\"wp-block-heading has-secondary-color has-text-color\">Bureau<\/h2>\n\n\n\n<hr class=\"wp-block-separator has-text-color has-primary-color has-alpha-channel-opacity has-primary-background-color has-background\"\/>\n\n\n\n<div class=\"wp-block-group is-content-justification-center is-layout-flex wp-container-core-group-is-layout-a788430c wp-block-group-is-layout-flex\" style=\"padding-top:0;padding-right:0;padding-bottom:0;padding-left:0\">\n<div class=\"wp-block-group flip-box-vertical is-layout-flow wp-block-group-is-layout-flow\">\n<div class=\"wp-block-group flip-box-inner is-layout-flow wp-block-group-is-layout-flow\">\n<div class=\"wp-block-group flip-box-front has-global-padding is-layout-constrained wp-block-group-is-layout-constrained\">\n<figure class=\"wp-block-image size-full\"><img loading=\"lazy\" decoding=\"async\" width=\"480\" height=\"555\" src=\"https:\/\/grand-ciel.com\/wp-content\/uploads\/2024\/06\/Vincent-24-1.png\" alt=\"\" class=\"wp-image-2402\" srcset=\"https:\/\/grand-ciel.com\/wp-content\/uploads\/2024\/06\/Vincent-24-1.png 480w, https:\/\/grand-ciel.com\/wp-content\/uploads\/2024\/06\/Vincent-24-1-432x500.png 432w, https:\/\/grand-ciel.com\/wp-content\/uploads\/2024\/06\/Vincent-24-1-50x58.png 50w\" sizes=\"auto, (max-width: 480px) 100vw, 480px\" \/><\/figure>\n<\/div>\n\n\n\n<div class=\"wp-block-group flip-box-back has-global-padding is-layout-constrained wp-block-group-is-layout-constrained\">\n<p class=\"has-text-align-center has-secondary-color has-text-color\"><strong>Co-Pr\u00e9sident<\/strong><br><strong>Vincent EHL<br><\/strong><\/p>\n\n\n\n<p class=\"has-text-align-center has-secondary-color has-text-color\">Cirk\u2019Eole, Montigny-l\u00e8s-Metz<br><\/p>\n<\/div>\n<\/div>\n<\/div>\n\n\n\n<div class=\"wp-block-group flip-box-vertical is-layout-flow wp-block-group-is-layout-flow\">\n<div class=\"wp-block-group flip-box-inner is-layout-flow wp-block-group-is-layout-flow\">\n<div class=\"wp-block-group flip-box-front has-global-padding is-layout-constrained wp-block-group-is-layout-constrained\">\n<figure class=\"wp-block-image size-full\"><img loading=\"lazy\" decoding=\"async\" width=\"480\" height=\"555\" src=\"https:\/\/grand-ciel.com\/wp-content\/uploads\/2024\/06\/Christian_MOUSSEAU-FERNANDEZ-480x555-1.png\" alt=\"\" class=\"wp-image-2362\" srcset=\"https:\/\/grand-ciel.com\/wp-content\/uploads\/2024\/06\/Christian_MOUSSEAU-FERNANDEZ-480x555-1.png 480w, https:\/\/grand-ciel.com\/wp-content\/uploads\/2024\/06\/Christian_MOUSSEAU-FERNANDEZ-480x555-1-432x500.png 432w, https:\/\/grand-ciel.com\/wp-content\/uploads\/2024\/06\/Christian_MOUSSEAU-FERNANDEZ-480x555-1-50x58.png 50w\" sizes=\"auto, (max-width: 480px) 100vw, 480px\" \/><\/figure>\n<\/div>\n\n\n\n<div class=\"wp-block-group flip-box-back has-global-padding is-layout-constrained wp-block-group-is-layout-constrained\">\n<p class=\"has-text-align-center has-secondary-color has-text-color\"><strong><strong>Co-Pr\u00e9sident<\/strong><\/strong><br><strong>Christian MOUSSEAU-FERNANDEZ<br><\/strong><\/p>\n\n\n\n<p class=\"has-text-align-center has-secondary-color has-text-color\">Transversales, Verdun<\/p>\n<\/div>\n<\/div>\n<\/div>\n\n\n\n<div class=\"wp-block-group flip-box-vertical is-layout-flow wp-block-group-is-layout-flow\">\n<div class=\"wp-block-group flip-box-inner is-layout-flow wp-block-group-is-layout-flow\">\n<div class=\"wp-block-group flip-box-front has-global-padding is-layout-constrained wp-block-group-is-layout-constrained\">\n<figure class=\"wp-block-image size-full\"><img loading=\"lazy\" decoding=\"async\" width=\"480\" height=\"555\" src=\"https:\/\/grand-ciel.com\/wp-content\/uploads\/2024\/06\/JeanMarie-24.png\" alt=\"\" class=\"wp-image-2397\" srcset=\"https:\/\/grand-ciel.com\/wp-content\/uploads\/2024\/06\/JeanMarie-24.png 480w, https:\/\/grand-ciel.com\/wp-content\/uploads\/2024\/06\/JeanMarie-24-432x500.png 432w, https:\/\/grand-ciel.com\/wp-content\/uploads\/2024\/06\/JeanMarie-24-50x58.png 50w\" sizes=\"auto, (max-width: 480px) 100vw, 480px\" \/><\/figure>\n<\/div>\n\n\n\n<div class=\"wp-block-group flip-box-back has-global-padding is-layout-constrained wp-block-group-is-layout-constrained\">\n<p class=\"has-text-align-center has-secondary-color has-text-color\"><strong>Vice-Pr\u00e9sident<\/strong><br><strong>Jean-Marie SONGY<br><\/strong><\/p>\n\n\n\n<p class=\"has-text-align-center has-secondary-color has-text-color\">Le Palc \u2013 P\u00f4le national cirque de Ch\u00e2lons-en-Champagne<br><\/p>\n<\/div>\n<\/div>\n<\/div>\n\n\n\n<div class=\"wp-block-group flip-box-vertical is-layout-flow wp-block-group-is-layout-flow\">\n<div class=\"wp-block-group flip-box-inner is-layout-flow wp-block-group-is-layout-flow\">\n<div class=\"wp-block-group flip-box-front has-global-padding is-layout-constrained wp-block-group-is-layout-constrained\">\n<figure class=\"wp-block-image size-full\"><img loading=\"lazy\" decoding=\"async\" width=\"480\" height=\"555\" src=\"https:\/\/grand-ciel.com\/wp-content\/uploads\/2024\/06\/Sandrine-24.png\" alt=\"\" class=\"wp-image-2409\" srcset=\"https:\/\/grand-ciel.com\/wp-content\/uploads\/2024\/06\/Sandrine-24.png 480w, https:\/\/grand-ciel.com\/wp-content\/uploads\/2024\/06\/Sandrine-24-432x500.png 432w, https:\/\/grand-ciel.com\/wp-content\/uploads\/2024\/06\/Sandrine-24-50x58.png 50w\" sizes=\"auto, (max-width: 480px) 100vw, 480px\" \/><\/figure>\n<\/div>\n\n\n\n<div class=\"wp-block-group flip-box-back has-global-padding is-layout-constrained wp-block-group-is-layout-constrained\">\n<p class=\"has-text-align-center has-secondary-color has-text-color\"><strong>Secr\u00e9taire<\/strong><br><strong>Sandrine MARLY<br><\/strong><\/p>\n\n\n\n<p class=\"has-text-align-center has-secondary-color has-text-color\">La Coupole, Saint-Louis<br><\/p>\n<\/div>\n<\/div>\n<\/div>\n\n\n\n<div class=\"wp-block-group flip-box-vertical is-layout-flow wp-block-group-is-layout-flow\">\n<div class=\"wp-block-group flip-box-vertical is-layout-flow wp-block-group-is-layout-flow\">\n<div class=\"wp-block-group flip-box-inner is-layout-flow wp-block-group-is-layout-flow\">\n<div class=\"wp-block-group flip-box-front has-global-padding is-layout-constrained wp-block-group-is-layout-constrained\">\n<figure class=\"wp-block-image size-full\"><img loading=\"lazy\" decoding=\"async\" width=\"623\" height=\"720\" src=\"https:\/\/grand-ciel.com\/wp-content\/uploads\/2023\/05\/Jacky_Castang.png\" alt=\"\" class=\"wp-image-425\" srcset=\"https:\/\/grand-ciel.com\/wp-content\/uploads\/2023\/05\/Jacky_Castang.png 623w, https:\/\/grand-ciel.com\/wp-content\/uploads\/2023\/05\/Jacky_Castang-480x555.png 480w, https:\/\/grand-ciel.com\/wp-content\/uploads\/2023\/05\/Jacky_Castang-433x500.png 433w\" sizes=\"auto, (max-width: 623px) 100vw, 623px\" \/><\/figure>\n<\/div>\n\n\n\n<div class=\"wp-block-group flip-box-back has-global-padding is-layout-constrained wp-block-group-is-layout-constrained\">\n<p class=\"has-text-align-center has-secondary-color has-text-color\"><strong>Tr\u00e9sorier <\/strong><br><strong>Jacky CASTANG<br><\/strong><\/p>\n\n\n\n<p class=\"has-text-align-center has-secondary-color has-text-color\">Sc\u00e8nes Vosges, Epinal<\/p>\n<\/div>\n<\/div>\n<\/div>\n<\/div>\n<\/div>\n\n\n\n<p>Les membres du bureau sont accompagn\u00e9s dans leurs missions par :<\/p>\n\n\n\n<h2 class=\"wp-block-heading has-secondary-color has-text-color\">Membres du CA<\/h2>\n\n\n\n<hr class=\"wp-block-separator has-text-color has-primary-color has-alpha-channel-opacity has-primary-background-color has-background\"\/>\n\n\n\n<div class=\"wp-block-group is-content-justification-center is-nowrap is-layout-flex wp-container-core-group-is-layout-37d9b523 wp-block-group-is-layout-flex\" style=\"padding-top:0;padding-right:0;padding-bottom:0;padding-left:0\">\n<div class=\"wp-block-group flip-box-vertical is-layout-flow wp-block-group-is-layout-flow\">\n<div class=\"wp-block-group flip-box-inner is-layout-flow wp-block-group-is-layout-flow\">\n<div class=\"wp-block-group flip-box-front has-global-padding is-layout-constrained wp-block-group-is-layout-constrained\">\n<figure class=\"wp-block-image size-full\"><img loading=\"lazy\" decoding=\"async\" width=\"623\" height=\"720\" src=\"https:\/\/grand-ciel.com\/wp-content\/uploads\/2023\/05\/Eva_Piotrkowski.png\" alt=\"\" class=\"wp-image-468\" srcset=\"https:\/\/grand-ciel.com\/wp-content\/uploads\/2023\/05\/Eva_Piotrkowski.png 623w, https:\/\/grand-ciel.com\/wp-content\/uploads\/2023\/05\/Eva_Piotrkowski-480x555.png 480w, https:\/\/grand-ciel.com\/wp-content\/uploads\/2023\/05\/Eva_Piotrkowski-433x500.png 433w\" sizes=\"auto, (max-width: 623px) 100vw, 623px\" \/><\/figure>\n<\/div>\n\n\n\n<div class=\"wp-block-group flip-box-back has-global-padding is-layout-constrained wp-block-group-is-layout-constrained\">\n<p class=\"has-text-align-center has-secondary-color has-text-color\"><strong>Eva PIOTRKOWSKI<\/strong><br>Le M\u00e9m\u00f4, Max\u00e9ville<br><\/p>\n<\/div>\n<\/div>\n<\/div>\n\n\n\n<div class=\"wp-block-group flip-box-vertical is-layout-flow wp-block-group-is-layout-flow\">\n<div class=\"wp-block-group flip-box-inner is-layout-flow wp-block-group-is-layout-flow\">\n<div class=\"wp-block-group flip-box-front has-global-padding is-layout-constrained wp-block-group-is-layout-constrained\">\n<figure class=\"wp-block-image size-full\"><img loading=\"lazy\" decoding=\"async\" width=\"480\" height=\"555\" src=\"https:\/\/grand-ciel.com\/wp-content\/uploads\/2025\/05\/Mathilde-25.png\" alt=\"\" class=\"wp-image-3422\" srcset=\"https:\/\/grand-ciel.com\/wp-content\/uploads\/2025\/05\/Mathilde-25.png 480w, https:\/\/grand-ciel.com\/wp-content\/uploads\/2025\/05\/Mathilde-25-432x500.png 432w, https:\/\/grand-ciel.com\/wp-content\/uploads\/2025\/05\/Mathilde-25-50x58.png 50w\" sizes=\"auto, (max-width: 480px) 100vw, 480px\" \/><\/figure>\n<\/div>\n\n\n\n<div class=\"wp-block-group flip-box-back has-global-padding is-layout-constrained wp-block-group-is-layout-constrained\">\n<p class=\"has-text-align-center has-secondary-color has-text-color\"><strong><strong><strong>Mathilde ORTIE-SKRODZKA<\/strong><\/strong><\/strong><br>Maison de Courcelles, Saint Loup sur Aujon<br><\/p>\n<\/div>\n<\/div>\n<\/div>\n\n\n\n<div class=\"wp-block-group flip-box-vertical is-layout-flow wp-block-group-is-layout-flow\">\n<div class=\"wp-block-group flip-box-inner is-layout-flow wp-block-group-is-layout-flow\">\n<div class=\"wp-block-group flip-box-front has-global-padding is-layout-constrained wp-block-group-is-layout-constrained\">\n<figure class=\"wp-block-image size-full\"><img loading=\"lazy\" decoding=\"async\" width=\"480\" height=\"555\" src=\"https:\/\/grand-ciel.com\/wp-content\/uploads\/2024\/06\/Matthieu-P-24.png\" alt=\"\" class=\"wp-image-2393\" srcset=\"https:\/\/grand-ciel.com\/wp-content\/uploads\/2024\/06\/Matthieu-P-24.png 480w, https:\/\/grand-ciel.com\/wp-content\/uploads\/2024\/06\/Matthieu-P-24-432x500.png 432w, https:\/\/grand-ciel.com\/wp-content\/uploads\/2024\/06\/Matthieu-P-24-50x58.png 50w\" sizes=\"auto, (max-width: 480px) 100vw, 480px\" \/><\/figure>\n<\/div>\n\n\n\n<div class=\"wp-block-group flip-box-back has-global-padding is-layout-constrained wp-block-group-is-layout-constrained\">\n<p class=\"has-text-align-center has-secondary-color has-text-color\"><strong>Matthieu PIERRARD<br><\/strong><\/p>\n\n\n\n<p class=\"has-text-align-center has-secondary-color has-text-color\">13e sens, Obernai<\/p>\n<\/div>\n<\/div>\n<\/div>\n<\/div>\n\n\n\n<h2 class=\"wp-block-heading has-secondary-color has-text-color\">Coordination<\/h2>\n\n\n\n<hr class=\"wp-block-separator has-text-color has-primary-color has-alpha-channel-opacity has-primary-background-color has-background\"\/>\n\n\n\n<div class=\"wp-block-group is-content-justification-center is-layout-flex wp-container-core-group-is-layout-a788430c wp-block-group-is-layout-flex\" style=\"padding-top:0;padding-right:0;padding-bottom:0;padding-left:0\">\n<div class=\"wp-block-group flip-box-vertical is-layout-flow wp-block-group-is-layout-flow\">\n<div class=\"wp-block-group flip-box-inner is-layout-flow wp-block-group-is-layout-flow\">\n<div class=\"wp-block-group flip-box-front has-global-padding is-layout-constrained wp-block-group-is-layout-constrained\">\n<figure class=\"wp-block-image size-full\"><img loading=\"lazy\" decoding=\"async\" width=\"480\" height=\"555\" src=\"https:\/\/grand-ciel.com\/wp-content\/uploads\/2024\/06\/Adeline-SG.png\" alt=\"\" class=\"wp-image-2365\" srcset=\"https:\/\/grand-ciel.com\/wp-content\/uploads\/2024\/06\/Adeline-SG.png 480w, https:\/\/grand-ciel.com\/wp-content\/uploads\/2024\/06\/Adeline-SG-432x500.png 432w, https:\/\/grand-ciel.com\/wp-content\/uploads\/2024\/06\/Adeline-SG-50x58.png 50w\" sizes=\"auto, (max-width: 480px) 100vw, 480px\" \/><\/figure>\n<\/div>\n\n\n\n<div class=\"wp-block-group flip-box-back has-global-padding is-layout-constrained wp-block-group-is-layout-constrained\">\n<p class=\"has-text-align-center has-secondary-color has-text-color\"><strong><strong><strong>Secr\u00e9taire g\u00e9n\u00e9rale<\/strong><br><strong>Adeline RENARD<\/strong><\/strong><\/strong><\/p>\n<\/div>\n<\/div>\n<\/div>\n<\/div>\n\n\n\n<style>\n.flip-box-vertical,\n.flip-card {\n\tbackground-color: transparent;\n\twidth: 250px;\n\theight: 289px;\n\tperspective: 1000px;\npadding:0;\nmargin-top: 1.5rem !important;\nmargin-bottom:1.5rem !important;\n}\n.flip-box-inner {\n  position: relative;\nwidth:100%;\nheight:100%;\ntext-align:center;\n  transition: transform 0.8s;\n  transform-style: preserve-3d;\n}\n\n.flip-box-vertical:hover .flip-box-inner {\n  transform: rotateY(180deg);\n}\n\n.flip-box-front, .flip-box-back {\n  position: absolute;\n  width: 100%;\n  height: 289px;\n  backface-visibility: hidden;\n}\n.flip-box-back {\ndisplay:flex;\nflex-direction:column;\nalign-items:center;\njustify-content: center;\nmargin-top:0 !important;\nbackground-color:var(--wp--preset--color--base);\nclip-path: polygon(0 25%,50% 0,100% 0,100% 75%,50% 100%,0 75%);\n}\n\n.flip-box-vertical .flip-box-back {\n  transform: rotateY(180deg);\n}   \n<\/style>\n","protected":false},"excerpt":{"rendered":"<p>Bureau Co-Pr\u00e9sidentVincent EHL Cirk\u2019Eole, Montigny-l\u00e8s-Metz Co-Pr\u00e9sidentChristian MOUSSEAU-FERNANDEZ Transversales, Verdun Vice-Pr\u00e9sidentJean-Marie SONGY Le Palc \u2013 P\u00f4le national cirque de Ch\u00e2lons-en-Champagne Secr\u00e9taireSandrine MARLY La Coupole, Saint-Louis Tr\u00e9sorier Jacky CASTANG Sc\u00e8nes Vosges, Epinal Les membres du bureau sont accompagn\u00e9s dans leurs missions par : Membres du CA Eva PIOTRKOWSKILe M\u00e9m\u00f4, Max\u00e9ville Mathilde ORTIE-SKRODZKAMaison de Courcelles, Saint Loup sur [&hellip;]<\/p>\n","protected":false},"author":31,"featured_media":2383,"parent":1892,"menu_order":40,"comment_status":"closed","ping_status":"closed","template":"","meta":{"_uag_custom_page_level_css":"","footnotes":""},"class_list":["post-1900","page","type-page","status-publish","has-post-thumbnail","hentry"],"mb":[],"yoast_head":"<!-- This site is optimized with the Yoast SEO plugin v27.2 - https:\/\/yoast.com\/product\/yoast-seo-wordpress\/ -->\n<title>\u00c9quipe - Grand CIEL<\/title>\n<meta name=\"description\" content=\"Pr\u00e9sentation des membres du Bureau et du conseil d&#039;Administration du R\u00e9seau Grand CIEL ainsi que du Secr\u00e9tariat g\u00e9n\u00e9ral.\" \/>\n<meta name=\"robots\" content=\"index, follow, max-snippet:-1, max-image-preview:large, max-video-preview:-1\" \/>\n<link rel=\"canonical\" href=\"https:\/\/grand-ciel.com\/en\/network\/equipe\/\" \/>\n<meta property=\"og:locale\" content=\"en_US\" \/>\n<meta property=\"og:type\" content=\"article\" \/>\n<meta property=\"og:title\" content=\"\u00c9quipe - Grand CIEL\" \/>\n<meta property=\"og:description\" content=\"Pr\u00e9sentation des membres du Bureau et du conseil d&#039;Administration du R\u00e9seau Grand CIEL ainsi que du Secr\u00e9tariat g\u00e9n\u00e9ral.\" \/>\n<meta property=\"og:url\" content=\"https:\/\/grand-ciel.com\/en\/network\/equipe\/\" \/>\n<meta property=\"og:site_name\" content=\"Grand CIEL\" \/>\n<meta property=\"article:publisher\" content=\"https:\/\/www.facebook.com\/grandcielcirque\" \/>\n<meta property=\"article:modified_time\" content=\"2025-12-02T15:30:51+00:00\" \/>\n<meta property=\"og:image\" content=\"https:\/\/grand-ciel.com\/wp-content\/uploads\/2024\/06\/Equipe.png\" \/>\n\t<meta property=\"og:image:width\" content=\"950\" \/>\n\t<meta property=\"og:image:height\" content=\"455\" \/>\n\t<meta property=\"og:image:type\" content=\"image\/png\" \/>\n<meta name=\"twitter:card\" content=\"summary_large_image\" \/>\n<meta name=\"twitter:label1\" content=\"Est. reading time\" \/>\n\t<meta name=\"twitter:data1\" content=\"3 minutes\" \/>\n<script type=\"application\/ld+json\" class=\"yoast-schema-graph\">{\"@context\":\"https:\/\/schema.org\",\"@graph\":[{\"@type\":\"WebPage\",\"@id\":\"https:\/\/grand-ciel.com\/en\/network\/equipe\/\",\"url\":\"https:\/\/grand-ciel.com\/en\/network\/equipe\/\",\"name\":\"\u00c9quipe - Grand CIEL\",\"isPartOf\":{\"@id\":\"https:\/\/grand-ciel.com\/#website\"},\"primaryImageOfPage\":{\"@id\":\"https:\/\/grand-ciel.com\/en\/network\/equipe\/#primaryimage\"},\"image\":{\"@id\":\"https:\/\/grand-ciel.com\/en\/network\/equipe\/#primaryimage\"},\"thumbnailUrl\":\"https:\/\/grand-ciel.com\/wp-content\/uploads\/2024\/06\/Equipe.png\",\"datePublished\":\"2023-04-30T15:01:12+00:00\",\"dateModified\":\"2025-12-02T15:30:51+00:00\",\"description\":\"Pr\u00e9sentation des membres du Bureau et du conseil d'Administration du R\u00e9seau Grand CIEL ainsi que du Secr\u00e9tariat g\u00e9n\u00e9ral.\",\"breadcrumb\":{\"@id\":\"https:\/\/grand-ciel.com\/en\/network\/equipe\/#breadcrumb\"},\"inLanguage\":\"en-US\",\"potentialAction\":[{\"@type\":\"ReadAction\",\"target\":[\"https:\/\/grand-ciel.com\/en\/network\/equipe\/\"]}]},{\"@type\":\"ImageObject\",\"inLanguage\":\"en-US\",\"@id\":\"https:\/\/grand-ciel.com\/en\/network\/equipe\/#primaryimage\",\"url\":\"https:\/\/grand-ciel.com\/wp-content\/uploads\/2024\/06\/Equipe.png\",\"contentUrl\":\"https:\/\/grand-ciel.com\/wp-content\/uploads\/2024\/06\/Equipe.png\",\"width\":950,\"height\":455},{\"@type\":\"BreadcrumbList\",\"@id\":\"https:\/\/grand-ciel.com\/en\/network\/equipe\/#breadcrumb\",\"itemListElement\":[{\"@type\":\"ListItem\",\"position\":1,\"name\":\"Accueil\",\"item\":\"https:\/\/grand-ciel.com\/en\/home\/\"},{\"@type\":\"ListItem\",\"position\":2,\"name\":\"Network\",\"item\":\"https:\/\/grand-ciel.com\/en\/network\/\"},{\"@type\":\"ListItem\",\"position\":3,\"name\":\"\u00c9quipe\"}]},{\"@type\":\"WebSite\",\"@id\":\"https:\/\/grand-ciel.com\/#website\",\"url\":\"https:\/\/grand-ciel.com\/\",\"name\":\"Grand CIEL\",\"description\":\"\",\"publisher\":{\"@id\":\"https:\/\/grand-ciel.com\/#organization\"},\"potentialAction\":[{\"@type\":\"SearchAction\",\"target\":{\"@type\":\"EntryPoint\",\"urlTemplate\":\"https:\/\/grand-ciel.com\/?s={search_term_string}\"},\"query-input\":{\"@type\":\"PropertyValueSpecification\",\"valueRequired\":true,\"valueName\":\"search_term_string\"}}],\"inLanguage\":\"en-US\"},{\"@type\":\"Organization\",\"@id\":\"https:\/\/grand-ciel.com\/#organization\",\"name\":\"Grand CIEL\",\"url\":\"https:\/\/grand-ciel.com\/\",\"logo\":{\"@type\":\"ImageObject\",\"inLanguage\":\"en-US\",\"@id\":\"https:\/\/grand-ciel.com\/#\/schema\/logo\/image\/\",\"url\":\"https:\/\/grand-ciel.com\/wp-content\/uploads\/2023\/05\/logo_Grand_Ciel_orange_fond_bleu_250.jpg\",\"contentUrl\":\"https:\/\/grand-ciel.com\/wp-content\/uploads\/2023\/05\/logo_Grand_Ciel_orange_fond_bleu_250.jpg\",\"width\":250,\"height\":148,\"caption\":\"Grand CIEL\"},\"image\":{\"@id\":\"https:\/\/grand-ciel.com\/#\/schema\/logo\/image\/\"},\"sameAs\":[\"https:\/\/www.facebook.com\/grandcielcirque\"]}]}<\/script>\n<!-- \/ Yoast SEO plugin. -->","yoast_head_json":{"title":"\u00c9quipe - Grand CIEL","description":"Pr\u00e9sentation des membres du Bureau et du conseil d'Administration du R\u00e9seau Grand CIEL ainsi que du Secr\u00e9tariat g\u00e9n\u00e9ral.","robots":{"index":"index","follow":"follow","max-snippet":"max-snippet:-1","max-image-preview":"max-image-preview:large","max-video-preview":"max-video-preview:-1"},"canonical":"https:\/\/grand-ciel.com\/en\/network\/equipe\/","og_locale":"en_US","og_type":"article","og_title":"\u00c9quipe - Grand CIEL","og_description":"Pr\u00e9sentation des membres du Bureau et du conseil d'Administration du R\u00e9seau Grand CIEL ainsi que du Secr\u00e9tariat g\u00e9n\u00e9ral.","og_url":"https:\/\/grand-ciel.com\/en\/network\/equipe\/","og_site_name":"Grand CIEL","article_publisher":"https:\/\/www.facebook.com\/grandcielcirque","article_modified_time":"2025-12-02T15:30:51+00:00","og_image":[{"width":950,"height":455,"url":"https:\/\/grand-ciel.com\/wp-content\/uploads\/2024\/06\/Equipe.png","type":"image\/png"}],"twitter_card":"summary_large_image","twitter_misc":{"Est. reading time":"3 minutes"},"schema":{"@context":"https:\/\/schema.org","@graph":[{"@type":"WebPage","@id":"https:\/\/grand-ciel.com\/en\/network\/equipe\/","url":"https:\/\/grand-ciel.com\/en\/network\/equipe\/","name":"\u00c9quipe - Grand CIEL","isPartOf":{"@id":"https:\/\/grand-ciel.com\/#website"},"primaryImageOfPage":{"@id":"https:\/\/grand-ciel.com\/en\/network\/equipe\/#primaryimage"},"image":{"@id":"https:\/\/grand-ciel.com\/en\/network\/equipe\/#primaryimage"},"thumbnailUrl":"https:\/\/grand-ciel.com\/wp-content\/uploads\/2024\/06\/Equipe.png","datePublished":"2023-04-30T15:01:12+00:00","dateModified":"2025-12-02T15:30:51+00:00","description":"Pr\u00e9sentation des membres du Bureau et du conseil d'Administration du R\u00e9seau Grand CIEL ainsi que du Secr\u00e9tariat g\u00e9n\u00e9ral.","breadcrumb":{"@id":"https:\/\/grand-ciel.com\/en\/network\/equipe\/#breadcrumb"},"inLanguage":"en-US","potentialAction":[{"@type":"ReadAction","target":["https:\/\/grand-ciel.com\/en\/network\/equipe\/"]}]},{"@type":"ImageObject","inLanguage":"en-US","@id":"https:\/\/grand-ciel.com\/en\/network\/equipe\/#primaryimage","url":"https:\/\/grand-ciel.com\/wp-content\/uploads\/2024\/06\/Equipe.png","contentUrl":"https:\/\/grand-ciel.com\/wp-content\/uploads\/2024\/06\/Equipe.png","width":950,"height":455},{"@type":"BreadcrumbList","@id":"https:\/\/grand-ciel.com\/en\/network\/equipe\/#breadcrumb","itemListElement":[{"@type":"ListItem","position":1,"name":"Accueil","item":"https:\/\/grand-ciel.com\/en\/home\/"},{"@type":"ListItem","position":2,"name":"Network","item":"https:\/\/grand-ciel.com\/en\/network\/"},{"@type":"ListItem","position":3,"name":"\u00c9quipe"}]},{"@type":"WebSite","@id":"https:\/\/grand-ciel.com\/#website","url":"https:\/\/grand-ciel.com\/","name":"Grand CIEL","description":"","publisher":{"@id":"https:\/\/grand-ciel.com\/#organization"},"potentialAction":[{"@type":"SearchAction","target":{"@type":"EntryPoint","urlTemplate":"https:\/\/grand-ciel.com\/?s={search_term_string}"},"query-input":{"@type":"PropertyValueSpecification","valueRequired":true,"valueName":"search_term_string"}}],"inLanguage":"en-US"},{"@type":"Organization","@id":"https:\/\/grand-ciel.com\/#organization","name":"Grand CIEL","url":"https:\/\/grand-ciel.com\/","logo":{"@type":"ImageObject","inLanguage":"en-US","@id":"https:\/\/grand-ciel.com\/#\/schema\/logo\/image\/","url":"https:\/\/grand-ciel.com\/wp-content\/uploads\/2023\/05\/logo_Grand_Ciel_orange_fond_bleu_250.jpg","contentUrl":"https:\/\/grand-ciel.com\/wp-content\/uploads\/2023\/05\/logo_Grand_Ciel_orange_fond_bleu_250.jpg","width":250,"height":148,"caption":"Grand CIEL"},"image":{"@id":"https:\/\/grand-ciel.com\/#\/schema\/logo\/image\/"},"sameAs":["https:\/\/www.facebook.com\/grandcielcirque"]}]}},"uagb_featured_image_src":{"full":["https:\/\/grand-ciel.com\/wp-content\/uploads\/2024\/06\/Equipe.png",950,455,false],"thumbnail":["https:\/\/grand-ciel.com\/wp-content\/uploads\/2024\/06\/Equipe-150x150.png",150,150,true],"medium":["https:\/\/grand-ciel.com\/wp-content\/uploads\/2024\/06\/Equipe-480x230.png",480,230,true],"medium_large":["https:\/\/grand-ciel.com\/wp-content\/uploads\/2024\/06\/Equipe-768x368.png",768,368,true],"large":["https:\/\/grand-ciel.com\/wp-content\/uploads\/2024\/06\/Equipe.png",950,455,false],"gs-tiny":["https:\/\/grand-ciel.com\/wp-content\/uploads\/2024\/06\/Equipe-50x24.png",50,24,true],"xl":["https:\/\/grand-ciel.com\/wp-content\/uploads\/2024\/06\/Equipe.png",950,455,false],"xxl":["https:\/\/grand-ciel.com\/wp-content\/uploads\/2024\/06\/Equipe.png",950,455,false],"xxxl":["https:\/\/grand-ciel.com\/wp-content\/uploads\/2024\/06\/Equipe.png",950,455,false],"xxxxl":["https:\/\/grand-ciel.com\/wp-content\/uploads\/2024\/06\/Equipe.png",950,455,false],"xxxxxl":["https:\/\/grand-ciel.com\/wp-content\/uploads\/2024\/06\/Equipe.png",950,455,false],"1536x1536":["https:\/\/grand-ciel.com\/wp-content\/uploads\/2024\/06\/Equipe.png",950,455,false],"2048x2048":["https:\/\/grand-ciel.com\/wp-content\/uploads\/2024\/06\/Equipe.png",950,455,false]},"uagb_author_info":{"display_name":"Adeline Renard","author_link":"https:\/\/grand-ciel.com\/en\/author\/adelinetestgc\/"},"uagb_comment_info":0,"uagb_excerpt":"Bureau Co-Pr\u00e9sidentVincent EHL Cirk\u2019Eole, Montigny-l\u00e8s-Metz Co-Pr\u00e9sidentChristian MOUSSEAU-FERNANDEZ Transversales, Verdun Vice-Pr\u00e9sidentJean-Marie SONGY Le Palc \u2013 P\u00f4le national cirque de Ch\u00e2lons-en-Champagne Secr\u00e9taireSandrine MARLY La Coupole, Saint-Louis Tr\u00e9sorier Jacky CASTANG Sc\u00e8nes Vosges, Epinal Les membres du bureau sont accompagn\u00e9s dans leurs missions par : Membres du CA Eva PIOTRKOWSKILe M\u00e9m\u00f4, Max\u00e9ville Mathilde ORTIE-SKRODZKAMaison de Courcelles, Saint Loup sur&hellip;","mfb_rest_fields":["title","yoast_head","yoast_head_json","uagb_featured_image_src","uagb_author_info","uagb_comment_info","uagb_excerpt"],"_links":{"self":[{"href":"https:\/\/grand-ciel.com\/en\/wp-json\/wp\/v2\/pages\/1900","targetHints":{"allow":["GET"]}}],"collection":[{"href":"https:\/\/grand-ciel.com\/en\/wp-json\/wp\/v2\/pages"}],"about":[{"href":"https:\/\/grand-ciel.com\/en\/wp-json\/wp\/v2\/types\/page"}],"author":[{"embeddable":true,"href":"https:\/\/grand-ciel.com\/en\/wp-json\/wp\/v2\/users\/31"}],"replies":[{"embeddable":true,"href":"https:\/\/grand-ciel.com\/en\/wp-json\/wp\/v2\/comments?post=1900"}],"version-history":[{"count":3,"href":"https:\/\/grand-ciel.com\/en\/wp-json\/wp\/v2\/pages\/1900\/revisions"}],"predecessor-version":[{"id":3737,"href":"https:\/\/grand-ciel.com\/en\/wp-json\/wp\/v2\/pages\/1900\/revisions\/3737"}],"up":[{"embeddable":true,"href":"https:\/\/grand-ciel.com\/en\/wp-json\/wp\/v2\/pages\/1892"}],"wp:featuredmedia":[{"embeddable":true,"href":"https:\/\/grand-ciel.com\/en\/wp-json\/wp\/v2\/media\/2383"}],"wp:attachment":[{"href":"https:\/\/grand-ciel.com\/en\/wp-json\/wp\/v2\/media?parent=1900"}],"curies":[{"name":"wp","href":"https:\/\/api.w.org\/{rel}","templated":true}]}}