{"id":1898,"date":"2023-04-30T17:01:10","date_gmt":"2023-04-30T15:01:10","guid":{"rendered":"https:\/\/grand-ciel.com\/network\/missions\/"},"modified":"2024-08-26T14:31:21","modified_gmt":"2024-08-26T12:31:21","slug":"missions","status":"publish","type":"page","link":"https:\/\/grand-ciel.com\/en\/network\/missions\/","title":{"rendered":"Missions"},"content":{"rendered":"\n<p style=\"margin-bottom:var(--wp--preset--spacing--30)\">Fond\u00e9 en 2010, le r\u00e9seau Grand CIEL porte une d\u00e9marche de coop\u00e9ration culturelle visant la structuration et le d\u00e9veloppement de la fili\u00e8re circassienne dans la r\u00e9gion Grand Est. \u00c0 ce titre, l\u2019association constitue, pour les professionnels des 28 structures culturelles r\u00e9unies au sein du r\u00e9seau, un espace d\u2019\u00e9change qui permet de renforcer progressivement la place du cirque de cr\u00e9ation sur le territoire r\u00e9gional.<\/p>\n\n\n\n<div class=\"wp-block-columns are-vertically-aligned-center is-layout-flex wp-container-core-columns-is-layout-d0b3c9c8 wp-block-columns-is-layout-flex\">\n<div class=\"wp-block-column is-vertically-aligned-center is-layout-flow wp-block-column-is-layout-flow\" style=\"--col-width:100%;flex-basis:100%\">\n<div class=\"wp-block-buttons tabulations is-content-justification-space-between is-nowrap is-layout-flex wp-container-core-buttons-is-layout-cb46ffcb wp-block-buttons-is-layout-flex\">\n<div class=\"wp-block-button tab-title\"><a class=\"wp-block-button__link wp-element-button\"><img loading=\"lazy\" decoding=\"async\" width=\"290\" height=\"290\" class=\"wp-image-2529\" style=\"\" src=\"https:\/\/grand-ciel.com\/wp-content\/uploads\/2024\/08\/boutons-mission-creation.png\" alt=\"\" srcset=\"https:\/\/grand-ciel.com\/wp-content\/uploads\/2024\/08\/boutons-mission-creation.png 290w, https:\/\/grand-ciel.com\/wp-content\/uploads\/2024\/08\/boutons-mission-creation-150x150.png 150w, https:\/\/grand-ciel.com\/wp-content\/uploads\/2024\/08\/boutons-mission-creation-50x50.png 50w\" sizes=\"auto, (max-width: 290px) 100vw, 290px\" \/><\/a><\/div>\n\n\n\n<div class=\"wp-block-button tab-title\"><a class=\"wp-block-button__link wp-element-button\"><img loading=\"lazy\" decoding=\"async\" width=\"290\" height=\"290\" class=\"wp-image-2531\" style=\"\" src=\"https:\/\/grand-ciel.com\/wp-content\/uploads\/2024\/08\/boutons-mission-diffusion.png\" alt=\"\" srcset=\"https:\/\/grand-ciel.com\/wp-content\/uploads\/2024\/08\/boutons-mission-diffusion.png 290w, https:\/\/grand-ciel.com\/wp-content\/uploads\/2024\/08\/boutons-mission-diffusion-150x150.png 150w, https:\/\/grand-ciel.com\/wp-content\/uploads\/2024\/08\/boutons-mission-diffusion-50x50.png 50w\" sizes=\"auto, (max-width: 290px) 100vw, 290px\" \/><\/a><\/div>\n\n\n\n<div class=\"wp-block-button tab-title\"><a class=\"wp-block-button__link wp-element-button\"><img loading=\"lazy\" decoding=\"async\" width=\"290\" height=\"290\" class=\"wp-image-2533\" style=\"\" src=\"https:\/\/grand-ciel.com\/wp-content\/uploads\/2024\/08\/boutons-mission-filiere.png\" alt=\"\" srcset=\"https:\/\/grand-ciel.com\/wp-content\/uploads\/2024\/08\/boutons-mission-filiere.png 290w, https:\/\/grand-ciel.com\/wp-content\/uploads\/2024\/08\/boutons-mission-filiere-150x150.png 150w, https:\/\/grand-ciel.com\/wp-content\/uploads\/2024\/08\/boutons-mission-filiere-50x50.png 50w\" sizes=\"auto, (max-width: 290px) 100vw, 290px\" \/><\/a><\/div>\n<\/div>\n<\/div>\n<\/div>\n\n\n\n<div class=\"wp-block-group tab-content is-layout-flow wp-block-group-is-layout-flow\">\n<h2 class=\"wp-block-heading has-secondary-color has-text-color\">CR\u00e9ATION<\/h2>\n\n\n\n<ul class=\"wp-block-list\">\n<li>Mettre en place une politique d\u2019accompagnement de la cr\u00e9ation circassienne dans le cadre de r\u00e9f\u00e9rentiels pr\u00e9cis tant sur le plan artistique que sur l\u2019\u00e9thique de production.<\/li>\n\n\n\n<li>Situer cette politique d\u2019accompagnement dans une relation dynamique \u00e0 la cr\u00e9ation nationale et internationale tout en portant une attention particuli\u00e8re aux jeunes \u00e9quipes r\u00e9gionales.<\/li>\n\n\n\n<li>Cr\u00e9er du lien entre les artistes, les territoires et leurs habitants par l\u2019organisation de r\u00e9sidences r\u00e9parties sur l\u2019ensemble du Grand Est.<\/li>\n\n\n\n<li>Inscrire dans la dur\u00e9e les relations entre les structures du r\u00e9seau et les \u00e9quipes artistiques r\u00e9gionales.<\/li>\n<\/ul>\n<\/div>\n\n\n\n<div class=\"wp-block-group tab-content is-layout-flow wp-block-group-is-layout-flow\">\n<h2 class=\"wp-block-heading has-secondary-color has-text-color\">DIFFUSION<\/h2>\n\n\n\n<ul class=\"wp-block-list\">\n<li>Rendre pr\u00e9sents les artistes de cirque dans un maximum de territoires par une diffusion de spectacles ambitieuse et concert\u00e9e (tourn\u00e9es et op\u00e9rations d\u2019envergure).<\/li>\n\n\n\n<li>Dans un esprit de solidarit\u00e9, optimiser les potentiels d\u2019accueil et les ambitions artistiques des membres et des territoires.<\/li>\n<\/ul>\n<\/div>\n\n\n\n<div class=\"wp-block-group tab-content is-layout-flow wp-block-group-is-layout-flow\">\n<h2 class=\"wp-block-heading has-secondary-color has-text-color\">FILI\u00e8RE<\/h2>\n\n\n\n<ul class=\"wp-block-list\">\n<li>Observer la situation du cirque en r\u00e9gion dans toutes ses composantes : diffusion, cr\u00e9ation, fili\u00e8re professionnelle, \u00e9quipements, am\u00e9nagement des territoires et pratique amateur.<\/li>\n<\/ul>\n<\/div>\n\n\n\n<style>\n:root {\n  --tab-main: var(--wp--preset--color--secondary);\n  --tab-gray: #ccc;\n}\n\n.tabulations {\n    overflow: hidden;\n    border-bottom: 1px solid var(--tab-gray);\n    background-color: white;\n    display: flex;\n    flex-wrap: wrap;\n    align-items: center;\n    justify-content: flex-start!important;\n    align-content: space-between;\n    flex-direction: row;\n    margin-bottom: 1px!important;\n    gap: 0px!important;\n}\n.tabulations div{\n  float: left;\n  border-bottom: 3px solid transparent;\n  cursor: pointer;\n  transition: 0.3s;\n  font-size: 17px;\n}\n.tabulations a.wp-block-button__link {\n    color: black!important;\n    background-color: transparent!important;\n}\n.tabulations div a {\n    padding: 20px 40px!important;\n}\n.tabulations div:hover a, .tabulations div.active a {\n    color: var(--wp--preset--color--secondary)!important;\n}\n.tabulations div.active, .tabulations div:hover {\n    color: var(--wp--preset--color--secondary)!important;\n    border-bottom: 3px solid var(--wp--preset--color--secondary);\n    z-index: 3;\n}\n.tab-content {\n    display: none;\n    padding: 0 15px 15px;\n    border-top: none;\n    box-shadow: 0 12px 25px -10px #00000040;\n    background-color: white;\n}\n.active {\n    display: block;\n}\n<\/style>\n<script>\ndocument.addEventListener(\"click\", e => {  \nconsole.log('click on '+e.target.parentElement.classList);\n\nif (e.target.parentElement.parentElement.classList.contains(\"tab-title\")  ) { Tabulate(e) }  });\n\n[...document.querySelectorAll(\"div.tabulations div\")].forEach((tabTile, index) => {\n    tabTile.classList.toggle('active', index == 0)\n  });\n[...document.querySelectorAll(\".tab-content\")].forEach((tabcontent, index) => {\n  tabcontent.classList.toggle('active', index == 0)\n  });\nfunction Tabulate(e) {\t\n  let tabTiles = [...document.querySelectorAll(\"div.tabulations div\")];\n  let tabcontents = [...document.querySelectorAll(\".tab-content\")];\n  let activeTabIndex = tabTiles.findIndex(tab => { return tab == e.target.parentElement.parentElement })\n  tabTiles.forEach((tabTile, index) => {\n    tabTile.classList.toggle('active', index === activeTabIndex)\n  })\n  tabcontents.forEach((tabcontent, index) => {\n  tabcontent.classList.toggle('active', index === activeTabIndex)\n  })\n}\n<\/script>\n\n\n\n<div style=\"height:50px\" aria-hidden=\"true\" class=\"wp-block-spacer\"><\/div>\n","protected":false},"excerpt":{"rendered":"<p>Fond\u00e9 en 2010, le r\u00e9seau Grand CIEL porte une d\u00e9marche de coop\u00e9ration culturelle visant la structuration et le d\u00e9veloppement de la fili\u00e8re circassienne dans la r\u00e9gion Grand Est. \u00c0 ce titre, l\u2019association constitue, pour les professionnels des 28 structures culturelles r\u00e9unies au sein du r\u00e9seau, un espace d\u2019\u00e9change qui permet de renforcer progressivement la place [&hellip;]<\/p>\n","protected":false},"author":31,"featured_media":2523,"parent":1892,"menu_order":20,"comment_status":"closed","ping_status":"closed","template":"","meta":{"_uag_custom_page_level_css":"","footnotes":""},"class_list":["post-1898","page","type-page","status-publish","has-post-thumbnail","hentry"],"mb":[],"yoast_head":"<!-- This site is optimized with the Yoast SEO plugin v27.2 - https:\/\/yoast.com\/product\/yoast-seo-wordpress\/ -->\n<title>Missions - Grand CIEL<\/title>\n<meta name=\"robots\" content=\"index, follow, max-snippet:-1, max-image-preview:large, max-video-preview:-1\" \/>\n<link rel=\"canonical\" href=\"https:\/\/grand-ciel.com\/en\/network\/missions\/\" \/>\n<meta property=\"og:locale\" content=\"en_US\" \/>\n<meta property=\"og:type\" content=\"article\" \/>\n<meta property=\"og:title\" content=\"Missions - Grand CIEL\" \/>\n<meta property=\"og:description\" content=\"Fond\u00e9 en 2010, le r\u00e9seau Grand CIEL porte une d\u00e9marche de coop\u00e9ration culturelle visant la structuration et le d\u00e9veloppement de la fili\u00e8re circassienne dans la r\u00e9gion Grand Est. \u00c0 ce titre, l\u2019association constitue, pour les professionnels des 28 structures culturelles r\u00e9unies au sein du r\u00e9seau, un espace d\u2019\u00e9change qui permet de renforcer progressivement la place [&hellip;]\" \/>\n<meta property=\"og:url\" content=\"https:\/\/grand-ciel.com\/en\/network\/missions\/\" \/>\n<meta property=\"og:site_name\" content=\"Grand CIEL\" \/>\n<meta property=\"article:publisher\" content=\"https:\/\/www.facebook.com\/grandcielcirque\" \/>\n<meta property=\"article:modified_time\" content=\"2024-08-26T12:31:21+00:00\" \/>\n<meta property=\"og:image\" content=\"https:\/\/grand-ciel.com\/wp-content\/uploads\/2024\/08\/Missions.png\" \/>\n\t<meta property=\"og:image:width\" content=\"960\" \/>\n\t<meta property=\"og:image:height\" content=\"460\" \/>\n\t<meta property=\"og:image:type\" content=\"image\/png\" \/>\n<meta name=\"twitter:card\" content=\"summary_large_image\" \/>\n<meta name=\"twitter:label1\" content=\"Est. reading time\" \/>\n\t<meta name=\"twitter:data1\" content=\"2 minutes\" \/>\n<script type=\"application\/ld+json\" class=\"yoast-schema-graph\">{\"@context\":\"https:\/\/schema.org\",\"@graph\":[{\"@type\":\"WebPage\",\"@id\":\"https:\/\/grand-ciel.com\/en\/network\/missions\/\",\"url\":\"https:\/\/grand-ciel.com\/en\/network\/missions\/\",\"name\":\"Missions - Grand CIEL\",\"isPartOf\":{\"@id\":\"https:\/\/grand-ciel.com\/#website\"},\"primaryImageOfPage\":{\"@id\":\"https:\/\/grand-ciel.com\/en\/network\/missions\/#primaryimage\"},\"image\":{\"@id\":\"https:\/\/grand-ciel.com\/en\/network\/missions\/#primaryimage\"},\"thumbnailUrl\":\"https:\/\/grand-ciel.com\/wp-content\/uploads\/2024\/08\/Missions.png\",\"datePublished\":\"2023-04-30T15:01:10+00:00\",\"dateModified\":\"2024-08-26T12:31:21+00:00\",\"breadcrumb\":{\"@id\":\"https:\/\/grand-ciel.com\/en\/network\/missions\/#breadcrumb\"},\"inLanguage\":\"en-US\",\"potentialAction\":[{\"@type\":\"ReadAction\",\"target\":[\"https:\/\/grand-ciel.com\/en\/network\/missions\/\"]}]},{\"@type\":\"ImageObject\",\"inLanguage\":\"en-US\",\"@id\":\"https:\/\/grand-ciel.com\/en\/network\/missions\/#primaryimage\",\"url\":\"https:\/\/grand-ciel.com\/wp-content\/uploads\/2024\/08\/Missions.png\",\"contentUrl\":\"https:\/\/grand-ciel.com\/wp-content\/uploads\/2024\/08\/Missions.png\",\"width\":960,\"height\":460},{\"@type\":\"BreadcrumbList\",\"@id\":\"https:\/\/grand-ciel.com\/en\/network\/missions\/#breadcrumb\",\"itemListElement\":[{\"@type\":\"ListItem\",\"position\":1,\"name\":\"Accueil\",\"item\":\"https:\/\/grand-ciel.com\/en\/home\/\"},{\"@type\":\"ListItem\",\"position\":2,\"name\":\"Network\",\"item\":\"https:\/\/grand-ciel.com\/en\/network\/\"},{\"@type\":\"ListItem\",\"position\":3,\"name\":\"Missions\"}]},{\"@type\":\"WebSite\",\"@id\":\"https:\/\/grand-ciel.com\/#website\",\"url\":\"https:\/\/grand-ciel.com\/\",\"name\":\"Grand CIEL\",\"description\":\"\",\"publisher\":{\"@id\":\"https:\/\/grand-ciel.com\/#organization\"},\"potentialAction\":[{\"@type\":\"SearchAction\",\"target\":{\"@type\":\"EntryPoint\",\"urlTemplate\":\"https:\/\/grand-ciel.com\/?s={search_term_string}\"},\"query-input\":{\"@type\":\"PropertyValueSpecification\",\"valueRequired\":true,\"valueName\":\"search_term_string\"}}],\"inLanguage\":\"en-US\"},{\"@type\":\"Organization\",\"@id\":\"https:\/\/grand-ciel.com\/#organization\",\"name\":\"Grand CIEL\",\"url\":\"https:\/\/grand-ciel.com\/\",\"logo\":{\"@type\":\"ImageObject\",\"inLanguage\":\"en-US\",\"@id\":\"https:\/\/grand-ciel.com\/#\/schema\/logo\/image\/\",\"url\":\"https:\/\/grand-ciel.com\/wp-content\/uploads\/2023\/05\/logo_Grand_Ciel_orange_fond_bleu_250.jpg\",\"contentUrl\":\"https:\/\/grand-ciel.com\/wp-content\/uploads\/2023\/05\/logo_Grand_Ciel_orange_fond_bleu_250.jpg\",\"width\":250,\"height\":148,\"caption\":\"Grand CIEL\"},\"image\":{\"@id\":\"https:\/\/grand-ciel.com\/#\/schema\/logo\/image\/\"},\"sameAs\":[\"https:\/\/www.facebook.com\/grandcielcirque\"]}]}<\/script>\n<!-- \/ Yoast SEO plugin. -->","yoast_head_json":{"title":"Missions - Grand CIEL","robots":{"index":"index","follow":"follow","max-snippet":"max-snippet:-1","max-image-preview":"max-image-preview:large","max-video-preview":"max-video-preview:-1"},"canonical":"https:\/\/grand-ciel.com\/en\/network\/missions\/","og_locale":"en_US","og_type":"article","og_title":"Missions - Grand CIEL","og_description":"Fond\u00e9 en 2010, le r\u00e9seau Grand CIEL porte une d\u00e9marche de coop\u00e9ration culturelle visant la structuration et le d\u00e9veloppement de la fili\u00e8re circassienne dans la r\u00e9gion Grand Est. \u00c0 ce titre, l\u2019association constitue, pour les professionnels des 28 structures culturelles r\u00e9unies au sein du r\u00e9seau, un espace d\u2019\u00e9change qui permet de renforcer progressivement la place [&hellip;]","og_url":"https:\/\/grand-ciel.com\/en\/network\/missions\/","og_site_name":"Grand CIEL","article_publisher":"https:\/\/www.facebook.com\/grandcielcirque","article_modified_time":"2024-08-26T12:31:21+00:00","og_image":[{"width":960,"height":460,"url":"https:\/\/grand-ciel.com\/wp-content\/uploads\/2024\/08\/Missions.png","type":"image\/png"}],"twitter_card":"summary_large_image","twitter_misc":{"Est. reading time":"2 minutes"},"schema":{"@context":"https:\/\/schema.org","@graph":[{"@type":"WebPage","@id":"https:\/\/grand-ciel.com\/en\/network\/missions\/","url":"https:\/\/grand-ciel.com\/en\/network\/missions\/","name":"Missions - Grand CIEL","isPartOf":{"@id":"https:\/\/grand-ciel.com\/#website"},"primaryImageOfPage":{"@id":"https:\/\/grand-ciel.com\/en\/network\/missions\/#primaryimage"},"image":{"@id":"https:\/\/grand-ciel.com\/en\/network\/missions\/#primaryimage"},"thumbnailUrl":"https:\/\/grand-ciel.com\/wp-content\/uploads\/2024\/08\/Missions.png","datePublished":"2023-04-30T15:01:10+00:00","dateModified":"2024-08-26T12:31:21+00:00","breadcrumb":{"@id":"https:\/\/grand-ciel.com\/en\/network\/missions\/#breadcrumb"},"inLanguage":"en-US","potentialAction":[{"@type":"ReadAction","target":["https:\/\/grand-ciel.com\/en\/network\/missions\/"]}]},{"@type":"ImageObject","inLanguage":"en-US","@id":"https:\/\/grand-ciel.com\/en\/network\/missions\/#primaryimage","url":"https:\/\/grand-ciel.com\/wp-content\/uploads\/2024\/08\/Missions.png","contentUrl":"https:\/\/grand-ciel.com\/wp-content\/uploads\/2024\/08\/Missions.png","width":960,"height":460},{"@type":"BreadcrumbList","@id":"https:\/\/grand-ciel.com\/en\/network\/missions\/#breadcrumb","itemListElement":[{"@type":"ListItem","position":1,"name":"Accueil","item":"https:\/\/grand-ciel.com\/en\/home\/"},{"@type":"ListItem","position":2,"name":"Network","item":"https:\/\/grand-ciel.com\/en\/network\/"},{"@type":"ListItem","position":3,"name":"Missions"}]},{"@type":"WebSite","@id":"https:\/\/grand-ciel.com\/#website","url":"https:\/\/grand-ciel.com\/","name":"Grand CIEL","description":"","publisher":{"@id":"https:\/\/grand-ciel.com\/#organization"},"potentialAction":[{"@type":"SearchAction","target":{"@type":"EntryPoint","urlTemplate":"https:\/\/grand-ciel.com\/?s={search_term_string}"},"query-input":{"@type":"PropertyValueSpecification","valueRequired":true,"valueName":"search_term_string"}}],"inLanguage":"en-US"},{"@type":"Organization","@id":"https:\/\/grand-ciel.com\/#organization","name":"Grand CIEL","url":"https:\/\/grand-ciel.com\/","logo":{"@type":"ImageObject","inLanguage":"en-US","@id":"https:\/\/grand-ciel.com\/#\/schema\/logo\/image\/","url":"https:\/\/grand-ciel.com\/wp-content\/uploads\/2023\/05\/logo_Grand_Ciel_orange_fond_bleu_250.jpg","contentUrl":"https:\/\/grand-ciel.com\/wp-content\/uploads\/2023\/05\/logo_Grand_Ciel_orange_fond_bleu_250.jpg","width":250,"height":148,"caption":"Grand CIEL"},"image":{"@id":"https:\/\/grand-ciel.com\/#\/schema\/logo\/image\/"},"sameAs":["https:\/\/www.facebook.com\/grandcielcirque"]}]}},"uagb_featured_image_src":{"full":["https:\/\/grand-ciel.com\/wp-content\/uploads\/2024\/08\/Missions.png",960,460,false],"thumbnail":["https:\/\/grand-ciel.com\/wp-content\/uploads\/2024\/08\/Missions-150x150.png",150,150,true],"medium":["https:\/\/grand-ciel.com\/wp-content\/uploads\/2024\/08\/Missions-480x230.png",480,230,true],"medium_large":["https:\/\/grand-ciel.com\/wp-content\/uploads\/2024\/08\/Missions-768x368.png",768,368,true],"large":["https:\/\/grand-ciel.com\/wp-content\/uploads\/2024\/08\/Missions.png",960,460,false],"gs-tiny":["https:\/\/grand-ciel.com\/wp-content\/uploads\/2024\/08\/Missions-50x24.png",50,24,true],"xl":["https:\/\/grand-ciel.com\/wp-content\/uploads\/2024\/08\/Missions.png",960,460,false],"xxl":["https:\/\/grand-ciel.com\/wp-content\/uploads\/2024\/08\/Missions.png",960,460,false],"xxxl":["https:\/\/grand-ciel.com\/wp-content\/uploads\/2024\/08\/Missions.png",960,460,false],"xxxxl":["https:\/\/grand-ciel.com\/wp-content\/uploads\/2024\/08\/Missions.png",960,460,false],"xxxxxl":["https:\/\/grand-ciel.com\/wp-content\/uploads\/2024\/08\/Missions.png",960,460,false],"1536x1536":["https:\/\/grand-ciel.com\/wp-content\/uploads\/2024\/08\/Missions.png",960,460,false],"2048x2048":["https:\/\/grand-ciel.com\/wp-content\/uploads\/2024\/08\/Missions.png",960,460,false]},"uagb_author_info":{"display_name":"Adeline Renard","author_link":"https:\/\/grand-ciel.com\/en\/author\/adelinetestgc\/"},"uagb_comment_info":0,"uagb_excerpt":"Fond\u00e9 en 2010, le r\u00e9seau Grand CIEL porte une d\u00e9marche de coop\u00e9ration culturelle visant la structuration et le d\u00e9veloppement de la fili\u00e8re circassienne dans la r\u00e9gion Grand Est. \u00c0 ce titre, l\u2019association constitue, pour les professionnels des 28 structures culturelles r\u00e9unies au sein du r\u00e9seau, un espace d\u2019\u00e9change qui permet de renforcer progressivement la place&hellip;","mfb_rest_fields":["title","yoast_head","yoast_head_json","uagb_featured_image_src","uagb_author_info","uagb_comment_info","uagb_excerpt"],"_links":{"self":[{"href":"https:\/\/grand-ciel.com\/en\/wp-json\/wp\/v2\/pages\/1898","targetHints":{"allow":["GET"]}}],"collection":[{"href":"https:\/\/grand-ciel.com\/en\/wp-json\/wp\/v2\/pages"}],"about":[{"href":"https:\/\/grand-ciel.com\/en\/wp-json\/wp\/v2\/types\/page"}],"author":[{"embeddable":true,"href":"https:\/\/grand-ciel.com\/en\/wp-json\/wp\/v2\/users\/31"}],"replies":[{"embeddable":true,"href":"https:\/\/grand-ciel.com\/en\/wp-json\/wp\/v2\/comments?post=1898"}],"version-history":[{"count":3,"href":"https:\/\/grand-ciel.com\/en\/wp-json\/wp\/v2\/pages\/1898\/revisions"}],"predecessor-version":[{"id":2546,"href":"https:\/\/grand-ciel.com\/en\/wp-json\/wp\/v2\/pages\/1898\/revisions\/2546"}],"up":[{"embeddable":true,"href":"https:\/\/grand-ciel.com\/en\/wp-json\/wp\/v2\/pages\/1892"}],"wp:featuredmedia":[{"embeddable":true,"href":"https:\/\/grand-ciel.com\/en\/wp-json\/wp\/v2\/media\/2523"}],"wp:attachment":[{"href":"https:\/\/grand-ciel.com\/en\/wp-json\/wp\/v2\/media?parent=1898"}],"curies":[{"name":"wp","href":"https:\/\/api.w.org\/{rel}","templated":true}]}}