{"id":1893,"date":"2023-04-30T17:01:10","date_gmt":"2023-04-30T15:01:10","guid":{"rendered":"https:\/\/grand-ciel.com\/network\/history\/"},"modified":"2023-08-23T10:19:01","modified_gmt":"2023-08-23T08:19:01","slug":"history","status":"publish","type":"page","link":"https:\/\/grand-ciel.com\/en\/network\/history\/","title":{"rendered":"History"},"content":{"rendered":"\n<h2 class=\"wp-block-heading\">Gen\u00e8se et contexte de la cr\u00e9ation du r\u00e9seau<\/h2>\n\n\n\n<p>En 2007, partant du constat que, malgr\u00e9 \u00ab&nbsp;L\u2019ann\u00e9e du cirque&nbsp;\u00bb de 2000, sans cons\u00e9quences r\u00e9elles pour la Lorraine et la pr\u00e9sence prestigieuse du CNAC (Ch\u00e2lons-en-Champagne) ou du Cirque Plume (Besan\u00e7on) dans les r\u00e9gions voisines, la place du cirque \u00e9tait insuffisante en Lorraine tant sur le plan de la diffusion des \u0153uvres de cirque (peu de spectacles programm\u00e9s, sur peu de dates) que sur le plan de leur cr\u00e9ation en r\u00e9gion (peu d\u2019\u00e9quipes circassiennes travaillant sur le territoire r\u00e9gional, le plus souvent mal structur\u00e9es), quelques structures culturelles lorraines ont pris l\u2019habitude de se concerter pour \u00e9laborer des projets communs (de soutien \u00e0 la cr\u00e9ation ou de diffusion) susceptibles de faire \u00e9voluer la situation du cirque en r\u00e9gion.<\/p>\n\n\n\n<p>C\u2019est sur cette base de pratiques informelles que, fin 2010, cinq structures culturelles lorraines se sont engag\u00e9es collectivement dans une d\u00e9marche d\u2019accompagnement, de diffusion et de promotion du cirque de cr\u00e9ation en r\u00e9gion. En se constituant en association, le r\u00e9seau CIEL (CIrque En Lorraine) a men\u00e9 un travail de d\u00e9veloppement du cirque qui a d\u00e8s le d\u00e9but concern\u00e9 les quatre d\u00e9partements lorrains.<\/p>\n\n\n\n<p style=\"padding-top:0;padding-right:0;padding-bottom:0;padding-left:0\">Depuis 2010, le r\u00e9seau a poursuivi son d\u00e9veloppement notamment dans le contexte des modifications des cartographies r\u00e9gionales de 2016. Apr\u00e8s avoir r\u00e9dig\u00e9 un document de propositions pour un sch\u00e9ma de d\u00e9veloppement du cirque en R\u00e9gion Grand Est&nbsp;publi\u00e9 le 10 mai 2016, l\u2019association s\u2019est totalement engag\u00e9e en 2017 dans la construction d\u2019un r\u00e9seau \u00e0 l\u2019\u00e9chelle de la nouvelle r\u00e9gion Grand Est.<\/p>\n\n\n\n<h2 class=\"wp-block-heading\" style=\"margin-top:var(--wp--preset--spacing--40)\">Nouvelle dimension r\u00e9gionale<\/h2>\n\n\n\n<p>Ce redimensionnement du territoire d\u2019intervention du r\u00e9seau a impliqu\u00e9 de travailler \u00e0 la r\u00e9\u00e9criture des statuts et du r\u00e8glement int\u00e9rieur, de pr\u00e9ciser la gouvernance et le fonctionnement du r\u00e9seau, ainsi que de garantir l\u2019efficacit\u00e9 dans le cadre d\u2019un cercle associatif \u00e9largi (principe de \u00ab&nbsp;d\u00e9l\u00e9gations&nbsp;\u00bb th\u00e9matiques ou territoriales, calendrier, programme, etc.). C\u2019est \u00e0 cette occasion que CIEL s\u2019est renomm\u00e9 Grand CIEL&nbsp;pour s\u2019adapter \u00e0 cette nouvelle dimension r\u00e9gionale.<\/p>\n\n\n\n<p>Depuis 2010, Grand CIEL porte une d\u00e9marche de coop\u00e9ration culturelle visant la structuration et le d\u00e9veloppement de la fili\u00e8re circassienne dans la r\u00e9gion Grand Est. \u00c0 ce titre, l\u2019association constitue, pour les professionnels des structures culturelles r\u00e9unies au sein du r\u00e9seau, un espace d\u2019\u00e9change qui permet de renforcer progressivement la place du cirque de cr\u00e9ation sur le territoire r\u00e9gional. Les membres poursuivent des objectifs communs.<\/p>\n\n\n\n<p>Aujourd\u2019hui, 28 structures culturelles sont adh\u00e9rentes, elles sont r\u00e9parties sur l\u2019ensemble de la r\u00e9gion traduisant un maillage territorial important. Par ailleurs, la force du r\u00e9seau r\u00e9side dans la diversit\u00e9 de ses membres, tant au niveau de leur taille qu\u2019au niveau des enjeux pour lesquels ils \u0153uvrent au quotidien. Ainsi, Grand CIEL est constitu\u00e9 de lieux de diffusion et\/ou de r\u00e9sidence et de festivals repr\u00e9sentatifs du paysage culturel r\u00e9gional, ce qui permet d\u2019aborder la question du d\u00e9veloppement du cirque dans toute la diversit\u00e9 des espaces o\u00f9 il peut \u00eatre pr\u00e9sent.<\/p>\n","protected":false},"excerpt":{"rendered":"<p>Gen\u00e8se et contexte de la cr\u00e9ation du r\u00e9seau En 2007, partant du constat que, malgr\u00e9 \u00ab&nbsp;L\u2019ann\u00e9e du cirque&nbsp;\u00bb de 2000, sans cons\u00e9quences r\u00e9elles pour la Lorraine et la pr\u00e9sence prestigieuse du CNAC (Ch\u00e2lons-en-Champagne) ou du Cirque Plume (Besan\u00e7on) dans les r\u00e9gions voisines, la place du cirque \u00e9tait insuffisante en Lorraine tant sur le plan de [&hellip;]<\/p>\n","protected":false},"author":1,"featured_media":2009,"parent":1892,"menu_order":10,"comment_status":"closed","ping_status":"closed","template":"","meta":{"_uag_custom_page_level_css":"","footnotes":""},"class_list":["post-1893","page","type-page","status-publish","has-post-thumbnail","hentry"],"mb":[],"yoast_head":"<!-- This site is optimized with the Yoast SEO plugin v27.2 - https:\/\/yoast.com\/product\/yoast-seo-wordpress\/ -->\n<title>History - Grand CIEL<\/title>\n<meta name=\"robots\" content=\"index, follow, max-snippet:-1, max-image-preview:large, max-video-preview:-1\" \/>\n<link rel=\"canonical\" href=\"https:\/\/grand-ciel.com\/en\/network\/history\/\" \/>\n<meta property=\"og:locale\" content=\"en_US\" \/>\n<meta property=\"og:type\" content=\"article\" \/>\n<meta property=\"og:title\" content=\"History - Grand CIEL\" \/>\n<meta property=\"og:description\" content=\"Gen\u00e8se et contexte de la cr\u00e9ation du r\u00e9seau En 2007, partant du constat que, malgr\u00e9 \u00ab&nbsp;L\u2019ann\u00e9e du cirque&nbsp;\u00bb de 2000, sans cons\u00e9quences r\u00e9elles pour la Lorraine et la pr\u00e9sence prestigieuse du CNAC (Ch\u00e2lons-en-Champagne) ou du Cirque Plume (Besan\u00e7on) dans les r\u00e9gions voisines, la place du cirque \u00e9tait insuffisante en Lorraine tant sur le plan de [&hellip;]\" \/>\n<meta property=\"og:url\" content=\"https:\/\/grand-ciel.com\/en\/network\/history\/\" \/>\n<meta property=\"og:site_name\" content=\"Grand CIEL\" \/>\n<meta property=\"article:publisher\" content=\"https:\/\/www.facebook.com\/grandcielcirque\" \/>\n<meta property=\"article:modified_time\" content=\"2023-08-23T08:19:01+00:00\" \/>\n<meta property=\"og:image\" content=\"https:\/\/grand-ciel.com\/wp-content\/uploads\/2023\/08\/HISTORIQUE.jpg\" \/>\n\t<meta property=\"og:image:width\" content=\"960\" \/>\n\t<meta property=\"og:image:height\" content=\"460\" \/>\n\t<meta property=\"og:image:type\" content=\"image\/jpeg\" \/>\n<meta name=\"twitter:card\" content=\"summary_large_image\" \/>\n<meta name=\"twitter:label1\" content=\"Est. reading time\" \/>\n\t<meta name=\"twitter:data1\" content=\"3 minutes\" \/>\n<script type=\"application\/ld+json\" class=\"yoast-schema-graph\">{\"@context\":\"https:\/\/schema.org\",\"@graph\":[{\"@type\":\"WebPage\",\"@id\":\"https:\/\/grand-ciel.com\/en\/network\/history\/\",\"url\":\"https:\/\/grand-ciel.com\/en\/network\/history\/\",\"name\":\"History - Grand CIEL\",\"isPartOf\":{\"@id\":\"https:\/\/grand-ciel.com\/#website\"},\"primaryImageOfPage\":{\"@id\":\"https:\/\/grand-ciel.com\/en\/network\/history\/#primaryimage\"},\"image\":{\"@id\":\"https:\/\/grand-ciel.com\/en\/network\/history\/#primaryimage\"},\"thumbnailUrl\":\"https:\/\/grand-ciel.com\/wp-content\/uploads\/2023\/08\/HISTORIQUE.jpg\",\"datePublished\":\"2023-04-30T15:01:10+00:00\",\"dateModified\":\"2023-08-23T08:19:01+00:00\",\"breadcrumb\":{\"@id\":\"https:\/\/grand-ciel.com\/en\/network\/history\/#breadcrumb\"},\"inLanguage\":\"en-US\",\"potentialAction\":[{\"@type\":\"ReadAction\",\"target\":[\"https:\/\/grand-ciel.com\/en\/network\/history\/\"]}]},{\"@type\":\"ImageObject\",\"inLanguage\":\"en-US\",\"@id\":\"https:\/\/grand-ciel.com\/en\/network\/history\/#primaryimage\",\"url\":\"https:\/\/grand-ciel.com\/wp-content\/uploads\/2023\/08\/HISTORIQUE.jpg\",\"contentUrl\":\"https:\/\/grand-ciel.com\/wp-content\/uploads\/2023\/08\/HISTORIQUE.jpg\",\"width\":960,\"height\":460},{\"@type\":\"BreadcrumbList\",\"@id\":\"https:\/\/grand-ciel.com\/en\/network\/history\/#breadcrumb\",\"itemListElement\":[{\"@type\":\"ListItem\",\"position\":1,\"name\":\"Accueil\",\"item\":\"https:\/\/grand-ciel.com\/en\/home\/\"},{\"@type\":\"ListItem\",\"position\":2,\"name\":\"Network\",\"item\":\"https:\/\/grand-ciel.com\/en\/network\/\"},{\"@type\":\"ListItem\",\"position\":3,\"name\":\"History\"}]},{\"@type\":\"WebSite\",\"@id\":\"https:\/\/grand-ciel.com\/#website\",\"url\":\"https:\/\/grand-ciel.com\/\",\"name\":\"Grand CIEL\",\"description\":\"\",\"publisher\":{\"@id\":\"https:\/\/grand-ciel.com\/#organization\"},\"potentialAction\":[{\"@type\":\"SearchAction\",\"target\":{\"@type\":\"EntryPoint\",\"urlTemplate\":\"https:\/\/grand-ciel.com\/?s={search_term_string}\"},\"query-input\":{\"@type\":\"PropertyValueSpecification\",\"valueRequired\":true,\"valueName\":\"search_term_string\"}}],\"inLanguage\":\"en-US\"},{\"@type\":\"Organization\",\"@id\":\"https:\/\/grand-ciel.com\/#organization\",\"name\":\"Grand CIEL\",\"url\":\"https:\/\/grand-ciel.com\/\",\"logo\":{\"@type\":\"ImageObject\",\"inLanguage\":\"en-US\",\"@id\":\"https:\/\/grand-ciel.com\/#\/schema\/logo\/image\/\",\"url\":\"https:\/\/grand-ciel.com\/wp-content\/uploads\/2023\/05\/logo_Grand_Ciel_orange_fond_bleu_250.jpg\",\"contentUrl\":\"https:\/\/grand-ciel.com\/wp-content\/uploads\/2023\/05\/logo_Grand_Ciel_orange_fond_bleu_250.jpg\",\"width\":250,\"height\":148,\"caption\":\"Grand CIEL\"},\"image\":{\"@id\":\"https:\/\/grand-ciel.com\/#\/schema\/logo\/image\/\"},\"sameAs\":[\"https:\/\/www.facebook.com\/grandcielcirque\"]}]}<\/script>\n<!-- \/ Yoast SEO plugin. -->","yoast_head_json":{"title":"History - Grand CIEL","robots":{"index":"index","follow":"follow","max-snippet":"max-snippet:-1","max-image-preview":"max-image-preview:large","max-video-preview":"max-video-preview:-1"},"canonical":"https:\/\/grand-ciel.com\/en\/network\/history\/","og_locale":"en_US","og_type":"article","og_title":"History - Grand CIEL","og_description":"Gen\u00e8se et contexte de la cr\u00e9ation du r\u00e9seau En 2007, partant du constat que, malgr\u00e9 \u00ab&nbsp;L\u2019ann\u00e9e du cirque&nbsp;\u00bb de 2000, sans cons\u00e9quences r\u00e9elles pour la Lorraine et la pr\u00e9sence prestigieuse du CNAC (Ch\u00e2lons-en-Champagne) ou du Cirque Plume (Besan\u00e7on) dans les r\u00e9gions voisines, la place du cirque \u00e9tait insuffisante en Lorraine tant sur le plan de [&hellip;]","og_url":"https:\/\/grand-ciel.com\/en\/network\/history\/","og_site_name":"Grand CIEL","article_publisher":"https:\/\/www.facebook.com\/grandcielcirque","article_modified_time":"2023-08-23T08:19:01+00:00","og_image":[{"width":960,"height":460,"url":"https:\/\/grand-ciel.com\/wp-content\/uploads\/2023\/08\/HISTORIQUE.jpg","type":"image\/jpeg"}],"twitter_card":"summary_large_image","twitter_misc":{"Est. reading time":"3 minutes"},"schema":{"@context":"https:\/\/schema.org","@graph":[{"@type":"WebPage","@id":"https:\/\/grand-ciel.com\/en\/network\/history\/","url":"https:\/\/grand-ciel.com\/en\/network\/history\/","name":"History - Grand CIEL","isPartOf":{"@id":"https:\/\/grand-ciel.com\/#website"},"primaryImageOfPage":{"@id":"https:\/\/grand-ciel.com\/en\/network\/history\/#primaryimage"},"image":{"@id":"https:\/\/grand-ciel.com\/en\/network\/history\/#primaryimage"},"thumbnailUrl":"https:\/\/grand-ciel.com\/wp-content\/uploads\/2023\/08\/HISTORIQUE.jpg","datePublished":"2023-04-30T15:01:10+00:00","dateModified":"2023-08-23T08:19:01+00:00","breadcrumb":{"@id":"https:\/\/grand-ciel.com\/en\/network\/history\/#breadcrumb"},"inLanguage":"en-US","potentialAction":[{"@type":"ReadAction","target":["https:\/\/grand-ciel.com\/en\/network\/history\/"]}]},{"@type":"ImageObject","inLanguage":"en-US","@id":"https:\/\/grand-ciel.com\/en\/network\/history\/#primaryimage","url":"https:\/\/grand-ciel.com\/wp-content\/uploads\/2023\/08\/HISTORIQUE.jpg","contentUrl":"https:\/\/grand-ciel.com\/wp-content\/uploads\/2023\/08\/HISTORIQUE.jpg","width":960,"height":460},{"@type":"BreadcrumbList","@id":"https:\/\/grand-ciel.com\/en\/network\/history\/#breadcrumb","itemListElement":[{"@type":"ListItem","position":1,"name":"Accueil","item":"https:\/\/grand-ciel.com\/en\/home\/"},{"@type":"ListItem","position":2,"name":"Network","item":"https:\/\/grand-ciel.com\/en\/network\/"},{"@type":"ListItem","position":3,"name":"History"}]},{"@type":"WebSite","@id":"https:\/\/grand-ciel.com\/#website","url":"https:\/\/grand-ciel.com\/","name":"Grand CIEL","description":"","publisher":{"@id":"https:\/\/grand-ciel.com\/#organization"},"potentialAction":[{"@type":"SearchAction","target":{"@type":"EntryPoint","urlTemplate":"https:\/\/grand-ciel.com\/?s={search_term_string}"},"query-input":{"@type":"PropertyValueSpecification","valueRequired":true,"valueName":"search_term_string"}}],"inLanguage":"en-US"},{"@type":"Organization","@id":"https:\/\/grand-ciel.com\/#organization","name":"Grand CIEL","url":"https:\/\/grand-ciel.com\/","logo":{"@type":"ImageObject","inLanguage":"en-US","@id":"https:\/\/grand-ciel.com\/#\/schema\/logo\/image\/","url":"https:\/\/grand-ciel.com\/wp-content\/uploads\/2023\/05\/logo_Grand_Ciel_orange_fond_bleu_250.jpg","contentUrl":"https:\/\/grand-ciel.com\/wp-content\/uploads\/2023\/05\/logo_Grand_Ciel_orange_fond_bleu_250.jpg","width":250,"height":148,"caption":"Grand CIEL"},"image":{"@id":"https:\/\/grand-ciel.com\/#\/schema\/logo\/image\/"},"sameAs":["https:\/\/www.facebook.com\/grandcielcirque"]}]}},"uagb_featured_image_src":{"full":["https:\/\/grand-ciel.com\/wp-content\/uploads\/2023\/08\/HISTORIQUE.jpg",960,460,false],"thumbnail":["https:\/\/grand-ciel.com\/wp-content\/uploads\/2023\/08\/HISTORIQUE-150x150.jpg",150,150,true],"medium":["https:\/\/grand-ciel.com\/wp-content\/uploads\/2023\/08\/HISTORIQUE-480x230.jpg",480,230,true],"medium_large":["https:\/\/grand-ciel.com\/wp-content\/uploads\/2023\/08\/HISTORIQUE-768x368.jpg",768,368,true],"large":["https:\/\/grand-ciel.com\/wp-content\/uploads\/2023\/08\/HISTORIQUE.jpg",960,460,false],"gs-tiny":["https:\/\/grand-ciel.com\/wp-content\/uploads\/2023\/08\/HISTORIQUE.jpg",50,24,false],"xl":["https:\/\/grand-ciel.com\/wp-content\/uploads\/2023\/08\/HISTORIQUE.jpg",960,460,false],"xxl":["https:\/\/grand-ciel.com\/wp-content\/uploads\/2023\/08\/HISTORIQUE.jpg",960,460,false],"xxxl":["https:\/\/grand-ciel.com\/wp-content\/uploads\/2023\/08\/HISTORIQUE.jpg",960,460,false],"xxxxl":["https:\/\/grand-ciel.com\/wp-content\/uploads\/2023\/08\/HISTORIQUE.jpg",960,460,false],"xxxxxl":["https:\/\/grand-ciel.com\/wp-content\/uploads\/2023\/08\/HISTORIQUE.jpg",960,460,false],"1536x1536":["https:\/\/grand-ciel.com\/wp-content\/uploads\/2023\/08\/HISTORIQUE.jpg",960,460,false],"2048x2048":["https:\/\/grand-ciel.com\/wp-content\/uploads\/2023\/08\/HISTORIQUE.jpg",960,460,false]},"uagb_author_info":{"display_name":"admin-gciel-la","author_link":"https:\/\/grand-ciel.com\/en\/author\/admin-gciel-la\/"},"uagb_comment_info":0,"uagb_excerpt":"Gen\u00e8se et contexte de la cr\u00e9ation du r\u00e9seau En 2007, partant du constat que, malgr\u00e9 \u00ab&nbsp;L\u2019ann\u00e9e du cirque&nbsp;\u00bb de 2000, sans cons\u00e9quences r\u00e9elles pour la Lorraine et la pr\u00e9sence prestigieuse du CNAC (Ch\u00e2lons-en-Champagne) ou du Cirque Plume (Besan\u00e7on) dans les r\u00e9gions voisines, la place du cirque \u00e9tait insuffisante en Lorraine tant sur le plan de&hellip;","mfb_rest_fields":["title","yoast_head","yoast_head_json","uagb_featured_image_src","uagb_author_info","uagb_comment_info","uagb_excerpt"],"_links":{"self":[{"href":"https:\/\/grand-ciel.com\/en\/wp-json\/wp\/v2\/pages\/1893","targetHints":{"allow":["GET"]}}],"collection":[{"href":"https:\/\/grand-ciel.com\/en\/wp-json\/wp\/v2\/pages"}],"about":[{"href":"https:\/\/grand-ciel.com\/en\/wp-json\/wp\/v2\/types\/page"}],"author":[{"embeddable":true,"href":"https:\/\/grand-ciel.com\/en\/wp-json\/wp\/v2\/users\/1"}],"replies":[{"embeddable":true,"href":"https:\/\/grand-ciel.com\/en\/wp-json\/wp\/v2\/comments?post=1893"}],"version-history":[{"count":3,"href":"https:\/\/grand-ciel.com\/en\/wp-json\/wp\/v2\/pages\/1893\/revisions"}],"predecessor-version":[{"id":1897,"href":"https:\/\/grand-ciel.com\/en\/wp-json\/wp\/v2\/pages\/1893\/revisions\/1897"}],"up":[{"embeddable":true,"href":"https:\/\/grand-ciel.com\/en\/wp-json\/wp\/v2\/pages\/1892"}],"wp:featuredmedia":[{"embeddable":true,"href":"https:\/\/grand-ciel.com\/en\/wp-json\/wp\/v2\/media\/2009"}],"wp:attachment":[{"href":"https:\/\/grand-ciel.com\/en\/wp-json\/wp\/v2\/media?parent=1893"}],"curies":[{"name":"wp","href":"https:\/\/api.w.org\/{rel}","templated":true}]}}